{"id":402,"date":"2023-10-12T13:18:50","date_gmt":"2023-10-12T13:18:50","guid":{"rendered":"https:\/\/advme.eu\/battery-test-and-recharge-system\/"},"modified":"2023-10-18T08:38:16","modified_gmt":"2023-10-18T08:38:16","slug":"akkumulator-tolto-es-teszt-rendszer","status":"publish","type":"page","link":"https:\/\/advme.eu\/hu\/akkumulator-tolto-es-teszt-rendszer\/","title":{"rendered":"Akkumul\u00e1tor t\u00f6lt\u0151 \u00e9s teszt rendszer"},"content":{"rendered":"<p><span data-mce-type=\"bookmark\" style=\"display: inline-block; width: 0px; overflow: hidden; line-height: 0;\" class=\"mce_SELRES_start\">\ufeff<\/span>\n<style type=\"text\/css\" data-created_by=\"avia_inline_auto\" id=\"style-css-av-18b7l1-21cfecc1861f4c0c16614fe4a16f2716\">\n.avia-section.av-18b7l1-21cfecc1861f4c0c16614fe4a16f2716{\nbackground-repeat:no-repeat;\nbackground-image:url(https:\/\/advme.eu\/wp-content\/uploads\/2023\/10\/maintenancepic.jpg);\nbackground-position:0% 0%;\nbackground-attachment:scroll;\n}\n<\/style>\n<div id='av_section_1'  class='avia-section av-18b7l1-21cfecc1861f4c0c16614fe4a16f2716 main_color avia-section-large avia-no-border-styling  avia-builder-el-0  el_before_av_section  avia-builder-el-first  sinus2 avia-full-stretch avia-bg-style-scroll container_wrap fullsize'  data-section-bg-repeat='stretch'><div class='container av-section-cont-open' ><main  role=\"main\" itemprop=\"mainContentOfPage\"  class='template-page content  av-content-full alpha units'><div class='post-entry post-entry-type-page post-entry-402'><div class='entry-content-wrapper clearfix'>\n<div  class='flex_column av-11i3id-6030c54e083907fa3175c9541b38dfd3 av_two_third  avia-builder-el-1  el_before_av_one_third  avia-builder-el-first  first flex_column_div  '     ><style type=\"text\/css\" data-created_by=\"avia_inline_auto\" id=\"style-css-av-lnn7fxj0-cfdb05f773aa0c51c6d5fb880fbe42b0\">\n#top .av-special-heading.av-lnn7fxj0-cfdb05f773aa0c51c6d5fb880fbe42b0{\npadding-bottom:0;\ncolor:#ffffff;\n}\nbody .av-special-heading.av-lnn7fxj0-cfdb05f773aa0c51c6d5fb880fbe42b0 .av-special-heading-tag .heading-char{\nfont-size:25px;\n}\n.av-special-heading.av-lnn7fxj0-cfdb05f773aa0c51c6d5fb880fbe42b0 .special-heading-inner-border{\nborder-color:#ffffff;\n}\n.av-special-heading.av-lnn7fxj0-cfdb05f773aa0c51c6d5fb880fbe42b0 .av-subheading{\nfont-size:15px;\n}\n<\/style>\n<div  class='av-special-heading av-lnn7fxj0-cfdb05f773aa0c51c6d5fb880fbe42b0 av-special-heading-h1 custom-color-heading blockquote modern-quote  avia-builder-el-2  avia-builder-el-no-sibling '><h1 class='av-special-heading-tag'  itemprop=\"headline\"  >Akkumul\u00e1tor t\u00f6lt\u0151 \u00e9s teszt rendszer<\/h1><div class=\"special-heading-border\"><div class=\"special-heading-inner-border\"><\/div><\/div><\/div><\/div><div  class='flex_column av-wnb2l-5a9c4b85570ca2980df96d0a0c2d40f5 av_one_third  avia-builder-el-3  el_after_av_two_third  avia-builder-el-last  flex_column_div  '     ><\/div><span data-mce-type=\"bookmark\" style=\"display: inline-block; width: 0px; overflow: hidden; line-height: 0;\" class=\"mce_SELRES_end\">\ufeff<\/span><\/div><\/div><\/main><!-- close content main element --><\/div><\/div><div id='av_section_2'  class='avia-section av-tqov9-532c335dd963479276573e5f55ecf517 main_color avia-section-default avia-no-border-styling  avia-builder-el-4  el_after_av_section  avia-builder-el-last  avia-bg-style-scroll container_wrap fullsize'  ><div class='container av-section-cont-open' ><div class='template-page content  av-content-full alpha units'><div class='post-entry post-entry-type-page post-entry-402'><div class='entry-content-wrapper clearfix'>\n<div class='flex_column_table av-jwnhx-a6425bd02da51c68a3125741396e4d58 sc-av_one_half av-equal-height-column-flextable'><div  class='flex_column av-jwnhx-a6425bd02da51c68a3125741396e4d58 av_one_half  avia-builder-el-5  el_before_av_one_half  avia-builder-el-first  first flex_column_table_cell av-equal-height-column av-align-middle av-animated-generic left-to-right  '     ><style type=\"text\/css\" data-created_by=\"avia_inline_auto\" id=\"style-css-av-e7rq5-b9a9c29425252e3d90d3c4af6545c02a\">\n.avia-image-container.av-e7rq5-b9a9c29425252e3d90d3c4af6545c02a img.avia_image{\nbox-shadow:none;\n}\n.avia-image-container.av-e7rq5-b9a9c29425252e3d90d3c4af6545c02a .av-image-caption-overlay-center{\ncolor:#ffffff;\n}\n<\/style>\n<div  class='avia-image-container av-e7rq5-b9a9c29425252e3d90d3c4af6545c02a av-styling- avia-align-center  avia-builder-el-6  avia-builder-el-no-sibling '   itemprop=\"image\" itemscope=\"itemscope\" itemtype=\"https:\/\/schema.org\/ImageObject\" ><div class=\"avia-image-container-inner\"><div class=\"avia-image-overlay-wrap\"><img decoding=\"async\" class='wp-image-363 avia-img-lazy-loading-not-363 avia_image ' src=\"https:\/\/advme.eu\/wp-content\/uploads\/2023\/10\/mainadv.jpg\" alt='' title=''  height=\"497\" width=\"501\"  itemprop=\"thumbnailUrl\" srcset=\"https:\/\/advme.eu\/wp-content\/uploads\/2023\/10\/mainadv.jpg 501w, https:\/\/advme.eu\/wp-content\/uploads\/2023\/10\/mainadv-300x298.jpg 300w, https:\/\/advme.eu\/wp-content\/uploads\/2023\/10\/mainadv-80x80.jpg 80w, https:\/\/advme.eu\/wp-content\/uploads\/2023\/10\/mainadv-36x36.jpg 36w, https:\/\/advme.eu\/wp-content\/uploads\/2023\/10\/mainadv-180x180.jpg 180w\" sizes=\"(max-width: 501px) 100vw, 501px\" \/><\/div><\/div><\/div><\/div><div class='av-flex-placeholder'><\/div><div  class='flex_column av-7vob1-a1902e30d785bb77c26777c1e6ab9039 av_one_half  avia-builder-el-7  el_after_av_one_half  avia-builder-el-last  flex_column_table_cell av-equal-height-column av-align-middle av-animated-generic right-to-left  '     ><style type=\"text\/css\" data-created_by=\"avia_inline_auto\" id=\"style-css-av-lnn7gvtz-97bab7e7f1d3683d1f306b38863213d1\">\n#top .avia-icon-list-container.av-lnn7gvtz-97bab7e7f1d3683d1f306b38863213d1 .iconlist_icon{\ncolor:#00b4d6;\n}\n<\/style>\n<div  class='avia-icon-list-container av-lnn7gvtz-97bab7e7f1d3683d1f306b38863213d1  avia-builder-el-8  avia-builder-el-no-sibling '><ul class='avia-icon-list avia_animate_when_almost_visible avia-icon-list-left av-iconlist-small av-lnn7gvtz-97bab7e7f1d3683d1f306b38863213d1 avia-iconlist-animate'>\n<li><div class='iconlist_icon av-lnn7g7mh-c952b33cb3df30916c95f35e7d8fccdd avia-font-entypo-fontello'><span class='iconlist-char' aria-hidden='true' data-av_icon='\ue898' data-av_iconfont='entypo-fontello'><\/span><\/div><article class=\"article-icon-entry av-iconlist-empty\"  itemscope=\"itemscope\" itemtype=\"https:\/\/schema.org\/CreativeWork\" ><div class=\"iconlist_content_wrap\"><header class=\"entry-content-header\"><div class='av_iconlist_title iconlist_title_small  '  itemprop=\"headline\" >Adatt\u00e1rol\u00f3kat gy\u00e1rt\u00f3 glob\u00e1lis v\u00e1llalat <\/div><\/header><div class='iconlist_content '  itemprop=\"text\" ><\/div><\/div><footer class=\"entry-footer\"><\/footer><\/article><div class=\"iconlist-timeline\"><\/div><\/li>\n<li><div class='iconlist_icon av-lnn7ge5c-e7cc3428ca38fec904b128bc2fdd7118 avia-font-entypo-fontello'><span class='iconlist-char' aria-hidden='true' data-av_icon='\ue898' data-av_iconfont='entypo-fontello'><\/span><\/div><article class=\"article-icon-entry av-iconlist-empty\"  itemscope=\"itemscope\" itemtype=\"https:\/\/schema.org\/CreativeWork\" ><div class=\"iconlist_content_wrap\"><header class=\"entry-content-header\"><div class='av_iconlist_title iconlist_title_small  '  itemprop=\"headline\" >Intelligens akkumul\u00e1tor egys\u00e9gek \u00e9letciklus b\u0151v\u00edt\u00e9se<\/div><\/header><div class='iconlist_content '  itemprop=\"text\" ><\/div><\/div><footer class=\"entry-footer\"><\/footer><\/article><div class=\"iconlist-timeline\"><\/div><\/li>\n<li><div class='iconlist_icon av-lnn7gjkv-d0541eba0e5dc768a6d2307475b8dcc9 avia-font-entypo-fontello'><span class='iconlist-char' aria-hidden='true' data-av_icon='\ue898' data-av_iconfont='entypo-fontello'><\/span><\/div><article class=\"article-icon-entry av-iconlist-empty\"  itemscope=\"itemscope\" itemtype=\"https:\/\/schema.org\/CreativeWork\" ><div class=\"iconlist_content_wrap\"><header class=\"entry-content-header\"><div class='av_iconlist_title iconlist_title_small  '  itemprop=\"headline\" >Akkumul\u00e1tor egys\u00e9gek funkcion\u00e1lis tesztel\u00e9se<\/div><\/header><div class='iconlist_content '  itemprop=\"text\" ><\/div><\/div><footer class=\"entry-footer\"><\/footer><\/article><div class=\"iconlist-timeline\"><\/div><\/li>\n<li><div class='iconlist_icon av-lnn7gp0w-34818d42725d41fb5d4c348ee58238a5 avia-font-entypo-fontello'><span class='iconlist-char' aria-hidden='true' data-av_icon='\ue898' data-av_iconfont='entypo-fontello'><\/span><\/div><article class=\"article-icon-entry av-iconlist-empty\"  itemscope=\"itemscope\" itemtype=\"https:\/\/schema.org\/CreativeWork\" ><div class=\"iconlist_content_wrap\"><header class=\"entry-content-header\"><div class='av_iconlist_title iconlist_title_small  '  itemprop=\"headline\" >Vez\u00e9relt t\u00f6lt\u00e9s-mer\u00edt\u00e9s ciklusok<\/div><\/header><div class='iconlist_content '  itemprop=\"text\" ><\/div><\/div><footer class=\"entry-footer\"><\/footer><\/article><div class=\"iconlist-timeline\"><\/div><\/li>\n<li><div class='iconlist_icon av-lnn7gp0w-8-c6c0a6c14dacc0d7ef323287bef89594 avia-font-entypo-fontello'><span class='iconlist-char' aria-hidden='true' data-av_icon='\ue898' data-av_iconfont='entypo-fontello'><\/span><\/div><article class=\"article-icon-entry av-iconlist-empty\"  itemscope=\"itemscope\" itemtype=\"https:\/\/schema.org\/CreativeWork\" ><div class=\"iconlist_content_wrap\"><header class=\"entry-content-header\"><div class='av_iconlist_title iconlist_title_small  '  itemprop=\"headline\" >24 egys\u00e9g p\u00e1rhuzamos kezel\u00e9se <\/div><\/header><div class='iconlist_content '  itemprop=\"text\" ><\/div><\/div><footer class=\"entry-footer\"><\/footer><\/article><div class=\"iconlist-timeline\"><\/div><\/li>\n<\/ul><\/div><\/div><\/div><!--close column table wrapper. Autoclose: 1 --><\/p>\n","protected":false},"excerpt":{"rendered":"<p>\ufeff\ufeff<\/p>\n","protected":false},"author":1,"featured_media":0,"parent":0,"menu_order":0,"comment_status":"closed","ping_status":"closed","template":"","meta":{"inline_featured_image":false,"footnotes":""},"class_list":["post-402","page","type-page","status-publish","hentry"],"yoast_head":"<!-- This site is optimized with the Yoast SEO plugin v21.4 - https:\/\/yoast.com\/wordpress\/plugins\/seo\/ -->\n<title>Akkumul\u00e1tor t\u00f6lt\u0151 \u00e9s teszt rendszer - Advme<\/title>\n<meta name=\"description\" content=\"Battery test and recharge system: Customer base: Global Data Storage Company, Product lifecycle extension for intelligent battery units\" \/>\n<meta name=\"robots\" content=\"index, follow, max-snippet:-1, max-image-preview:large, max-video-preview:-1\" \/>\n<link rel=\"canonical\" href=\"https:\/\/advme.eu\/hu\/akkumulator-tolto-es-teszt-rendszer\/\" \/>\n<meta property=\"og:locale\" content=\"hu_HU\" \/>\n<meta property=\"og:type\" content=\"article\" \/>\n<meta property=\"og:title\" content=\"Akkumul\u00e1tor t\u00f6lt\u0151 \u00e9s teszt rendszer - Advme\" \/>\n<meta property=\"og:description\" content=\"Battery test and recharge system: Customer base: Global Data Storage Company, Product lifecycle extension for intelligent battery units\" \/>\n<meta property=\"og:url\" content=\"https:\/\/advme.eu\/hu\/akkumulator-tolto-es-teszt-rendszer\/\" \/>\n<meta property=\"og:site_name\" content=\"Advme\" \/>\n<meta property=\"article:modified_time\" content=\"2023-10-18T08:38:16+00:00\" \/>\n<meta name=\"twitter:card\" content=\"summary_large_image\" \/>\n<meta name=\"twitter:label1\" content=\"Becs\u00fclt olvas\u00e1si id\u0151\" \/>\n\t<meta name=\"twitter:data1\" content=\"5 perc\" \/>\n<script type=\"application\/ld+json\" class=\"yoast-schema-graph\">{\"@context\":\"https:\/\/schema.org\",\"@graph\":[{\"@type\":\"WebPage\",\"@id\":\"https:\/\/advme.eu\/hu\/akkumulator-tolto-es-teszt-rendszer\/\",\"url\":\"https:\/\/advme.eu\/hu\/akkumulator-tolto-es-teszt-rendszer\/\",\"name\":\"Akkumul\u00e1tor t\u00f6lt\u0151 \u00e9s teszt rendszer - Advme\",\"isPartOf\":{\"@id\":\"https:\/\/advme.eu\/#website\"},\"datePublished\":\"2023-10-12T13:18:50+00:00\",\"dateModified\":\"2023-10-18T08:38:16+00:00\",\"description\":\"Battery test and recharge system: Customer base: Global Data Storage Company, Product lifecycle extension for intelligent battery units\",\"breadcrumb\":{\"@id\":\"https:\/\/advme.eu\/hu\/akkumulator-tolto-es-teszt-rendszer\/#breadcrumb\"},\"inLanguage\":\"hu\",\"potentialAction\":[{\"@type\":\"ReadAction\",\"target\":[\"https:\/\/advme.eu\/hu\/akkumulator-tolto-es-teszt-rendszer\/\"]}]},{\"@type\":\"BreadcrumbList\",\"@id\":\"https:\/\/advme.eu\/hu\/akkumulator-tolto-es-teszt-rendszer\/#breadcrumb\",\"itemListElement\":[{\"@type\":\"ListItem\",\"position\":1,\"name\":\"Kezd\u0151lap\",\"item\":\"https:\/\/advme.eu\/main\/\"},{\"@type\":\"ListItem\",\"position\":2,\"name\":\"Akkumul\u00e1tor t\u00f6lt\u0151 \u00e9s teszt rendszer\"}]},{\"@type\":\"WebSite\",\"@id\":\"https:\/\/advme.eu\/#website\",\"url\":\"https:\/\/advme.eu\/\",\"name\":\"Advme\",\"description\":\"Test systems for power electronics and batteries\",\"potentialAction\":[{\"@type\":\"SearchAction\",\"target\":{\"@type\":\"EntryPoint\",\"urlTemplate\":\"https:\/\/advme.eu\/?s={search_term_string}\"},\"query-input\":\"required name=search_term_string\"}],\"inLanguage\":\"hu\"}]}<\/script>\n<!-- \/ Yoast SEO plugin. -->","yoast_head_json":{"title":"Akkumul\u00e1tor t\u00f6lt\u0151 \u00e9s teszt rendszer - Advme","description":"Battery test and recharge system: Customer base: Global Data Storage Company, Product lifecycle extension for intelligent battery units","robots":{"index":"index","follow":"follow","max-snippet":"max-snippet:-1","max-image-preview":"max-image-preview:large","max-video-preview":"max-video-preview:-1"},"canonical":"https:\/\/advme.eu\/hu\/akkumulator-tolto-es-teszt-rendszer\/","og_locale":"hu_HU","og_type":"article","og_title":"Akkumul\u00e1tor t\u00f6lt\u0151 \u00e9s teszt rendszer - Advme","og_description":"Battery test and recharge system: Customer base: Global Data Storage Company, Product lifecycle extension for intelligent battery units","og_url":"https:\/\/advme.eu\/hu\/akkumulator-tolto-es-teszt-rendszer\/","og_site_name":"Advme","article_modified_time":"2023-10-18T08:38:16+00:00","twitter_card":"summary_large_image","twitter_misc":{"Becs\u00fclt olvas\u00e1si id\u0151":"5 perc"},"schema":{"@context":"https:\/\/schema.org","@graph":[{"@type":"WebPage","@id":"https:\/\/advme.eu\/hu\/akkumulator-tolto-es-teszt-rendszer\/","url":"https:\/\/advme.eu\/hu\/akkumulator-tolto-es-teszt-rendszer\/","name":"Akkumul\u00e1tor t\u00f6lt\u0151 \u00e9s teszt rendszer - Advme","isPartOf":{"@id":"https:\/\/advme.eu\/#website"},"datePublished":"2023-10-12T13:18:50+00:00","dateModified":"2023-10-18T08:38:16+00:00","description":"Battery test and recharge system: Customer base: Global Data Storage Company, Product lifecycle extension for intelligent battery units","breadcrumb":{"@id":"https:\/\/advme.eu\/hu\/akkumulator-tolto-es-teszt-rendszer\/#breadcrumb"},"inLanguage":"hu","potentialAction":[{"@type":"ReadAction","target":["https:\/\/advme.eu\/hu\/akkumulator-tolto-es-teszt-rendszer\/"]}]},{"@type":"BreadcrumbList","@id":"https:\/\/advme.eu\/hu\/akkumulator-tolto-es-teszt-rendszer\/#breadcrumb","itemListElement":[{"@type":"ListItem","position":1,"name":"Kezd\u0151lap","item":"https:\/\/advme.eu\/main\/"},{"@type":"ListItem","position":2,"name":"Akkumul\u00e1tor t\u00f6lt\u0151 \u00e9s teszt rendszer"}]},{"@type":"WebSite","@id":"https:\/\/advme.eu\/#website","url":"https:\/\/advme.eu\/","name":"Advme","description":"Test systems for power electronics and batteries","potentialAction":[{"@type":"SearchAction","target":{"@type":"EntryPoint","urlTemplate":"https:\/\/advme.eu\/?s={search_term_string}"},"query-input":"required name=search_term_string"}],"inLanguage":"hu"}]}},"_links":{"self":[{"href":"https:\/\/advme.eu\/hu\/wp-json\/wp\/v2\/pages\/402","targetHints":{"allow":["GET"]}}],"collection":[{"href":"https:\/\/advme.eu\/hu\/wp-json\/wp\/v2\/pages"}],"about":[{"href":"https:\/\/advme.eu\/hu\/wp-json\/wp\/v2\/types\/page"}],"author":[{"embeddable":true,"href":"https:\/\/advme.eu\/hu\/wp-json\/wp\/v2\/users\/1"}],"replies":[{"embeddable":true,"href":"https:\/\/advme.eu\/hu\/wp-json\/wp\/v2\/comments?post=402"}],"version-history":[{"count":4,"href":"https:\/\/advme.eu\/hu\/wp-json\/wp\/v2\/pages\/402\/revisions"}],"predecessor-version":[{"id":403,"href":"https:\/\/advme.eu\/hu\/wp-json\/wp\/v2\/pages\/402\/revisions\/403"}],"wp:attachment":[{"href":"https:\/\/advme.eu\/hu\/wp-json\/wp\/v2\/media?parent=402"}],"curies":[{"name":"wp","href":"https:\/\/api.w.org\/{rel}","templated":true}]}}