{"id":410,"date":"2023-10-13T09:39:39","date_gmt":"2023-10-13T09:39:39","guid":{"rendered":"https:\/\/advme.eu\/contact\/"},"modified":"2023-10-18T08:49:57","modified_gmt":"2023-10-18T08:49:57","slug":"kapcsolat","status":"publish","type":"page","link":"https:\/\/advme.eu\/hu\/kapcsolat\/","title":{"rendered":"Kapcsolat"},"content":{"rendered":"\n<style type=\"text\/css\" data-created_by=\"avia_inline_auto\" id=\"style-css-av-etb5-950352c602b86d5d26efbc5c954b6599\">\n.avia-section.av-etb5-950352c602b86d5d26efbc5c954b6599{\nbackground-repeat:no-repeat;\nbackground-image:url(https:\/\/advme.eu\/wp-content\/uploads\/2023\/10\/maintenancepic.jpg);\nbackground-position:0% 0%;\nbackground-attachment:scroll;\n}\n<\/style>\n<div id='av_section_1'  class='avia-section av-etb5-950352c602b86d5d26efbc5c954b6599 main_color avia-section-large avia-no-border-styling  avia-builder-el-0  el_before_av_section  avia-builder-el-first  sinuschip avia-full-stretch avia-bg-style-scroll container_wrap fullsize'  data-section-bg-repeat='stretch'><div class='container av-section-cont-open' ><main  role=\"main\" itemprop=\"mainContentOfPage\"  class='template-page content  av-content-full alpha units'><div class='post-entry post-entry-type-page post-entry-410'><div class='entry-content-wrapper clearfix'>\n<div  class='flex_column av-z4ff5-2790c31e6668d31cfe5dc637d43827a9 av_two_third  avia-builder-el-1  el_before_av_one_third  avia-builder-el-first  first flex_column_div  '     ><style type=\"text\/css\" data-created_by=\"avia_inline_auto\" id=\"style-css-av-lnoey3co-6247976b727b1ff2eb13b97a67e43127\">\n#top .av-special-heading.av-lnoey3co-6247976b727b1ff2eb13b97a67e43127{\npadding-bottom:0;\ncolor:#ffffff;\n}\nbody .av-special-heading.av-lnoey3co-6247976b727b1ff2eb13b97a67e43127 .av-special-heading-tag .heading-char{\nfont-size:25px;\n}\n.av-special-heading.av-lnoey3co-6247976b727b1ff2eb13b97a67e43127 .special-heading-inner-border{\nborder-color:#ffffff;\n}\n.av-special-heading.av-lnoey3co-6247976b727b1ff2eb13b97a67e43127 .av-subheading{\nfont-size:15px;\n}\n<\/style>\n<div  class='av-special-heading av-lnoey3co-6247976b727b1ff2eb13b97a67e43127 av-special-heading-h1 custom-color-heading blockquote modern-quote  avia-builder-el-2  avia-builder-el-no-sibling '><h1 class='av-special-heading-tag'  itemprop=\"headline\"  >Kapcsolat<\/h1><div class=\"special-heading-border\"><div class=\"special-heading-inner-border\"><\/div><\/div><\/div><\/div><div  class='flex_column av-sr4sh-a0ceb184b100b71127717c52af08c97f av_one_third  avia-builder-el-3  el_after_av_two_third  avia-builder-el-last  flex_column_div  '     ><\/div>\n\n<\/div><\/div><\/main><!-- close content main element --><\/div><\/div><div id='av_section_2'  class='avia-section av-ncr3t-f6d5d4d8729fec1e94cf71fd90c3d0ee main_color avia-section-default avia-no-border-styling  avia-builder-el-4  el_after_av_section  el_before_av_section  avia-bg-style-scroll container_wrap fullsize'  ><div class='container av-section-cont-open' ><div class='template-page content  av-content-full alpha units'><div class='post-entry post-entry-type-page post-entry-410'><div class='entry-content-wrapper clearfix'>\n<div class='flex_column_table av-gmbhd-e388c071a97dd148e4280adc73c314d7 sc-av_one_half av-equal-height-column-flextable'><div  class='flex_column av-gmbhd-e388c071a97dd148e4280adc73c314d7 av_one_half  avia-builder-el-5  el_before_av_one_half  avia-builder-el-first  first flex_column_table_cell av-equal-height-column av-align-middle av-animated-generic left-to-right  '     ><\/div><div class='av-flex-placeholder'><\/div><div  class='flex_column av-6uzc1-b477a5ca836f5b67481b1b419ee9f3b6 av_one_half  avia-builder-el-7  el_after_av_one_half  avia-builder-el-last  flex_column_table_cell av-equal-height-column av-align-middle av-animated-generic right-to-left  '     ><p>\n<style type=\"text\/css\" data-created_by=\"avia_inline_auto\" id=\"style-css-av-lnof2oo0-e5b35b179830159e932aa31e97b2f6d2\">\n#top .av-special-heading.av-lnof2oo0-e5b35b179830159e932aa31e97b2f6d2{\npadding-bottom:10px;\ncolor:#5a84c3;\n}\nbody .av-special-heading.av-lnof2oo0-e5b35b179830159e932aa31e97b2f6d2 .av-special-heading-tag .heading-char{\nfont-size:25px;\n}\n.av-special-heading.av-lnof2oo0-e5b35b179830159e932aa31e97b2f6d2 .special-heading-inner-border{\nborder-color:#5a84c3;\n}\n.av-special-heading.av-lnof2oo0-e5b35b179830159e932aa31e97b2f6d2 .av-subheading{\nfont-size:15px;\n}\n<\/style>\n<div  class='av-special-heading av-lnof2oo0-e5b35b179830159e932aa31e97b2f6d2 av-special-heading-h3 custom-color-heading blockquote modern-quote  avia-builder-el-8  el_before_av_textblock  avia-builder-el-first '><h3 class='av-special-heading-tag'  itemprop=\"headline\"  >Advanced Machines Kft<\/h3><div class=\"special-heading-border\"><div class=\"special-heading-inner-border\"><\/div><\/div><\/div><br \/>\n\n<style type=\"text\/css\" data-created_by=\"avia_inline_auto\" id=\"style-css-av-lnof2z0z-ad0d3087b73cef75c11b9b3298d66e73\">\n#top .av_textblock_section.av-lnof2z0z-ad0d3087b73cef75c11b9b3298d66e73 .avia_textblock{\ncolor:#000000;\n}\n<\/style>\n<section  class='av_textblock_section av-lnof2z0z-ad0d3087b73cef75c11b9b3298d66e73 '   itemscope=\"itemscope\" itemtype=\"https:\/\/schema.org\/CreativeWork\" ><div class='avia_textblock av_inherit_color'  itemprop=\"text\" ><p><strong>2800 Tatab\u00e1nya, Tavaszmez\u0151 utca 4\/C<\/strong><\/p>\n<p>C\u00e9gjegyz\u00e9ksz\u00e1m \/ Reg. Nr.: 11 09 029862<\/p>\n<p>Ad\u00f3sz\u00e1m \/ VAT ID: 27826010-2-11 \/ HU27826010<\/p>\n<\/div><\/section><\/p><\/div><\/div><!--close column table wrapper. Autoclose: 1 --><\/div><\/div><\/div><!-- close content main div --><\/div><\/div><div id='av_section_3'  class='avia-section av-6qbw9-d5db23be196870be68e1e853a031d9cf main_color avia-section-default avia-no-border-styling  avia-builder-el-10  el_after_av_section  avia-builder-el-last  avia-bg-style-scroll container_wrap fullsize'  ><div class='container av-section-cont-open' ><div class='template-page content  av-content-full alpha units'><div class='post-entry post-entry-type-page post-entry-410'><div class='entry-content-wrapper clearfix'><\/p>\n","protected":false},"excerpt":{"rendered":"","protected":false},"author":1,"featured_media":0,"parent":0,"menu_order":0,"comment_status":"closed","ping_status":"closed","template":"","meta":{"inline_featured_image":false,"footnotes":""},"class_list":["post-410","page","type-page","status-publish","hentry"],"yoast_head":"<!-- This site is optimized with the Yoast SEO plugin v21.4 - https:\/\/yoast.com\/wordpress\/plugins\/seo\/ -->\n<title>Kapcsolat - Advme<\/title>\n<meta name=\"description\" content=\"Ha tov\u00e1bbi k\u00e9rd\u00e9se van, forduljon hozz\u00e1nk bizalommal.\" \/>\n<meta name=\"robots\" content=\"index, follow, max-snippet:-1, max-image-preview:large, max-video-preview:-1\" \/>\n<link rel=\"canonical\" href=\"https:\/\/advme.eu\/hu\/kapcsolat\/\" \/>\n<meta property=\"og:locale\" content=\"hu_HU\" \/>\n<meta property=\"og:type\" content=\"article\" \/>\n<meta property=\"og:title\" content=\"Kapcsolat - Advme\" \/>\n<meta property=\"og:description\" content=\"Ha tov\u00e1bbi k\u00e9rd\u00e9se van, forduljon hozz\u00e1nk bizalommal.\" \/>\n<meta property=\"og:url\" content=\"https:\/\/advme.eu\/hu\/kapcsolat\/\" \/>\n<meta property=\"og:site_name\" content=\"Advme\" \/>\n<meta property=\"article:modified_time\" content=\"2023-10-18T08:49:57+00:00\" \/>\n<meta name=\"twitter:card\" content=\"summary_large_image\" \/>\n<meta name=\"twitter:label1\" content=\"Becs\u00fclt olvas\u00e1si id\u0151\" \/>\n\t<meta name=\"twitter:data1\" content=\"5 perc\" \/>\n<script type=\"application\/ld+json\" class=\"yoast-schema-graph\">{\"@context\":\"https:\/\/schema.org\",\"@graph\":[{\"@type\":\"WebPage\",\"@id\":\"https:\/\/advme.eu\/hu\/kapcsolat\/\",\"url\":\"https:\/\/advme.eu\/hu\/kapcsolat\/\",\"name\":\"Kapcsolat - Advme\",\"isPartOf\":{\"@id\":\"https:\/\/advme.eu\/#website\"},\"datePublished\":\"2023-10-13T09:39:39+00:00\",\"dateModified\":\"2023-10-18T08:49:57+00:00\",\"description\":\"Ha tov\u00e1bbi k\u00e9rd\u00e9se van, forduljon hozz\u00e1nk bizalommal.\",\"breadcrumb\":{\"@id\":\"https:\/\/advme.eu\/hu\/kapcsolat\/#breadcrumb\"},\"inLanguage\":\"hu\",\"potentialAction\":[{\"@type\":\"ReadAction\",\"target\":[\"https:\/\/advme.eu\/hu\/kapcsolat\/\"]}]},{\"@type\":\"BreadcrumbList\",\"@id\":\"https:\/\/advme.eu\/hu\/kapcsolat\/#breadcrumb\",\"itemListElement\":[{\"@type\":\"ListItem\",\"position\":1,\"name\":\"Kezd\u0151lap\",\"item\":\"https:\/\/advme.eu\/main\/\"},{\"@type\":\"ListItem\",\"position\":2,\"name\":\"Kapcsolat\"}]},{\"@type\":\"WebSite\",\"@id\":\"https:\/\/advme.eu\/#website\",\"url\":\"https:\/\/advme.eu\/\",\"name\":\"Advme\",\"description\":\"Test systems for power electronics and batteries\",\"potentialAction\":[{\"@type\":\"SearchAction\",\"target\":{\"@type\":\"EntryPoint\",\"urlTemplate\":\"https:\/\/advme.eu\/?s={search_term_string}\"},\"query-input\":\"required name=search_term_string\"}],\"inLanguage\":\"hu\"}]}<\/script>\n<!-- \/ Yoast SEO plugin. -->","yoast_head_json":{"title":"Kapcsolat - Advme","description":"Ha tov\u00e1bbi k\u00e9rd\u00e9se van, forduljon hozz\u00e1nk bizalommal.","robots":{"index":"index","follow":"follow","max-snippet":"max-snippet:-1","max-image-preview":"max-image-preview:large","max-video-preview":"max-video-preview:-1"},"canonical":"https:\/\/advme.eu\/hu\/kapcsolat\/","og_locale":"hu_HU","og_type":"article","og_title":"Kapcsolat - Advme","og_description":"Ha tov\u00e1bbi k\u00e9rd\u00e9se van, forduljon hozz\u00e1nk bizalommal.","og_url":"https:\/\/advme.eu\/hu\/kapcsolat\/","og_site_name":"Advme","article_modified_time":"2023-10-18T08:49:57+00:00","twitter_card":"summary_large_image","twitter_misc":{"Becs\u00fclt olvas\u00e1si id\u0151":"5 perc"},"schema":{"@context":"https:\/\/schema.org","@graph":[{"@type":"WebPage","@id":"https:\/\/advme.eu\/hu\/kapcsolat\/","url":"https:\/\/advme.eu\/hu\/kapcsolat\/","name":"Kapcsolat - Advme","isPartOf":{"@id":"https:\/\/advme.eu\/#website"},"datePublished":"2023-10-13T09:39:39+00:00","dateModified":"2023-10-18T08:49:57+00:00","description":"Ha tov\u00e1bbi k\u00e9rd\u00e9se van, forduljon hozz\u00e1nk bizalommal.","breadcrumb":{"@id":"https:\/\/advme.eu\/hu\/kapcsolat\/#breadcrumb"},"inLanguage":"hu","potentialAction":[{"@type":"ReadAction","target":["https:\/\/advme.eu\/hu\/kapcsolat\/"]}]},{"@type":"BreadcrumbList","@id":"https:\/\/advme.eu\/hu\/kapcsolat\/#breadcrumb","itemListElement":[{"@type":"ListItem","position":1,"name":"Kezd\u0151lap","item":"https:\/\/advme.eu\/main\/"},{"@type":"ListItem","position":2,"name":"Kapcsolat"}]},{"@type":"WebSite","@id":"https:\/\/advme.eu\/#website","url":"https:\/\/advme.eu\/","name":"Advme","description":"Test systems for power electronics and batteries","potentialAction":[{"@type":"SearchAction","target":{"@type":"EntryPoint","urlTemplate":"https:\/\/advme.eu\/?s={search_term_string}"},"query-input":"required name=search_term_string"}],"inLanguage":"hu"}]}},"_links":{"self":[{"href":"https:\/\/advme.eu\/hu\/wp-json\/wp\/v2\/pages\/410","targetHints":{"allow":["GET"]}}],"collection":[{"href":"https:\/\/advme.eu\/hu\/wp-json\/wp\/v2\/pages"}],"about":[{"href":"https:\/\/advme.eu\/hu\/wp-json\/wp\/v2\/types\/page"}],"author":[{"embeddable":true,"href":"https:\/\/advme.eu\/hu\/wp-json\/wp\/v2\/users\/1"}],"replies":[{"embeddable":true,"href":"https:\/\/advme.eu\/hu\/wp-json\/wp\/v2\/comments?post=410"}],"version-history":[{"count":4,"href":"https:\/\/advme.eu\/hu\/wp-json\/wp\/v2\/pages\/410\/revisions"}],"predecessor-version":[{"id":460,"href":"https:\/\/advme.eu\/hu\/wp-json\/wp\/v2\/pages\/410\/revisions\/460"}],"wp:attachment":[{"href":"https:\/\/advme.eu\/hu\/wp-json\/wp\/v2\/media?parent=410"}],"curies":[{"name":"wp","href":"https:\/\/api.w.org\/{rel}","templated":true}]}}