{"id":419,"date":"2023-10-13T10:26:35","date_gmt":"2023-10-13T10:26:35","guid":{"rendered":"https:\/\/advme.eu\/fpga-functional-tester\/"},"modified":"2023-10-18T08:51:40","modified_gmt":"2023-10-18T08:51:40","slug":"fpga-teszt-allomas","status":"publish","type":"page","link":"https:\/\/advme.eu\/hu\/fpga-teszt-allomas\/","title":{"rendered":"FPGA teszt \u00e1llom\u00e1s"},"content":{"rendered":"\n<style type=\"text\/css\" data-created_by=\"avia_inline_auto\" id=\"style-css-av-1ec1xs-75d69600fc2ac80da525749d5fd29298\">\n.avia-section.av-1ec1xs-75d69600fc2ac80da525749d5fd29298{\nbackground-repeat:no-repeat;\nbackground-image:url(https:\/\/advme.eu\/wp-content\/uploads\/2023\/10\/spacegrade1.jpg);\nbackground-position:0% 0%;\nbackground-attachment:scroll;\n}\n<\/style>\n<div id='av_section_1'  class='avia-section av-1ec1xs-75d69600fc2ac80da525749d5fd29298 main_color avia-section-large avia-no-border-styling  avia-builder-el-0  el_before_av_section  avia-builder-el-first  chip2 avia-full-stretch avia-bg-style-scroll container_wrap fullsize'  data-section-bg-repeat='stretch'><div class='container av-section-cont-open' ><main  role=\"main\" itemprop=\"mainContentOfPage\"  class='template-page content  av-content-full alpha units'><div class='post-entry post-entry-type-page post-entry-419'><div class='entry-content-wrapper clearfix'>\n<div  class='flex_column av-17l0pk-b6f39cffb61a0815e115fed08eaba7f0 av_two_third  avia-builder-el-1  el_before_av_one_third  avia-builder-el-first  first flex_column_div  '     ><style type=\"text\/css\" data-created_by=\"avia_inline_auto\" id=\"style-css-av-lnogqwto-f9a6ea0efebc94fbef94a382907682f8\">\n#top .av-special-heading.av-lnogqwto-f9a6ea0efebc94fbef94a382907682f8{\npadding-bottom:0;\ncolor:#ffffff;\n}\nbody .av-special-heading.av-lnogqwto-f9a6ea0efebc94fbef94a382907682f8 .av-special-heading-tag .heading-char{\nfont-size:25px;\n}\n.av-special-heading.av-lnogqwto-f9a6ea0efebc94fbef94a382907682f8 .special-heading-inner-border{\nborder-color:#ffffff;\n}\n.av-special-heading.av-lnogqwto-f9a6ea0efebc94fbef94a382907682f8 .av-subheading{\nfont-size:15px;\n}\n<\/style>\n<div  class='av-special-heading av-lnogqwto-f9a6ea0efebc94fbef94a382907682f8 av-special-heading-h1 custom-color-heading blockquote modern-quote  avia-builder-el-2  avia-builder-el-no-sibling '><h1 class='av-special-heading-tag'  itemprop=\"headline\"  >FPGA teszt \u00e1llom\u00e1s<\/h1><div class=\"special-heading-border\"><div class=\"special-heading-inner-border\"><\/div><\/div><\/div><\/div><div  class='flex_column av-13up28-891b303b7da23d803e79545018087aec av_one_third  avia-builder-el-3  el_after_av_two_third  avia-builder-el-last  flex_column_div  '     ><\/div><\/div><\/div><\/main><!-- close content main element --><\/div><\/div><div id='av_section_2'  class='avia-section av-w014w-ca81936d5f0cb3c5550055c90041f231 main_color avia-section-default avia-no-border-styling  avia-builder-el-4  el_after_av_section  el_before_av_section  avia-bg-style-scroll container_wrap fullsize'  ><div class='container av-section-cont-open' ><div class='template-page content  av-content-full alpha units'><div class='post-entry post-entry-type-page post-entry-419'><div class='entry-content-wrapper clearfix'>\n<div class='flex_column_table av-qs1e0-fa76560216b576f9104aeb05156d08c7 sc-av_one_half av-equal-height-column-flextable'><div  class='flex_column av-qs1e0-fa76560216b576f9104aeb05156d08c7 av_one_half  avia-builder-el-5  el_before_av_one_half  avia-builder-el-first  first flex_column_table_cell av-equal-height-column av-align-middle av-animated-generic left-to-right  '     ><style type=\"text\/css\" data-created_by=\"avia_inline_auto\" id=\"style-css-av-22kk0-e057c9f4d78e6267c3199dd489fe9856\">\n.avia-image-container.av-22kk0-e057c9f4d78e6267c3199dd489fe9856 img.avia_image{\nbox-shadow:none;\n}\n.avia-image-container.av-22kk0-e057c9f4d78e6267c3199dd489fe9856 .av-image-caption-overlay-center{\ncolor:#ffffff;\n}\n<\/style>\n<div  class='avia-image-container av-22kk0-e057c9f4d78e6267c3199dd489fe9856 av-styling- avia-align-center  avia-builder-el-6  avia-builder-el-no-sibling '   itemprop=\"image\" itemscope=\"itemscope\" itemtype=\"https:\/\/schema.org\/ImageObject\" ><div class=\"avia-image-container-inner\"><div class=\"avia-image-overlay-wrap\"><img decoding=\"async\" class='wp-image-367 avia-img-lazy-loading-not-367 avia_image ' src=\"https:\/\/advme.eu\/wp-content\/uploads\/2023\/10\/spacegrade2.jpg\" alt='' title=''  height=\"497\" width=\"496\"  itemprop=\"thumbnailUrl\" srcset=\"https:\/\/advme.eu\/wp-content\/uploads\/2023\/10\/spacegrade2.jpg 496w, https:\/\/advme.eu\/wp-content\/uploads\/2023\/10\/spacegrade2-300x300.jpg 300w, https:\/\/advme.eu\/wp-content\/uploads\/2023\/10\/spacegrade2-80x80.jpg 80w, https:\/\/advme.eu\/wp-content\/uploads\/2023\/10\/spacegrade2-36x36.jpg 36w, https:\/\/advme.eu\/wp-content\/uploads\/2023\/10\/spacegrade2-180x180.jpg 180w\" sizes=\"(max-width: 496px) 100vw, 496px\" \/><\/div><\/div><\/div><\/div><div class='av-flex-placeholder'><\/div><div  class='flex_column av-cxy28-c64ed1507fce6b8d6ebad3a2e9e901d6 av_one_half  avia-builder-el-7  el_after_av_one_half  avia-builder-el-last  flex_column_table_cell av-equal-height-column av-align-middle av-animated-generic right-to-left  '     ><style type=\"text\/css\" data-created_by=\"avia_inline_auto\" id=\"style-css-av-lnogri2m-e9bacf4810af9cd2f02ed675bf996647\">\n#top .avia-icon-list-container.av-lnogri2m-e9bacf4810af9cd2f02ed675bf996647 .iconlist_icon{\ncolor:#00b4d6;\n}\n<\/style>\n<div  class='avia-icon-list-container av-lnogri2m-e9bacf4810af9cd2f02ed675bf996647  avia-builder-el-8  avia-builder-el-no-sibling '><ul class='avia-icon-list avia_animate_when_almost_visible avia-icon-list-left av-iconlist-small av-lnogri2m-e9bacf4810af9cd2f02ed675bf996647 avia-iconlist-animate'>\n<li><div class='iconlist_icon av-lnogr9z3-c8718d348edad929a7e5f2b0a5f6ed45 avia-font-entypo-fontello'><span class='iconlist-char' aria-hidden='true' data-av_icon='\ue898' data-av_iconfont='entypo-fontello'><\/span><\/div><article class=\"article-icon-entry \"  itemscope=\"itemscope\" itemtype=\"https:\/\/schema.org\/CreativeWork\" ><div class=\"iconlist_content_wrap\"><header class=\"entry-content-header\"><div class='av_iconlist_title iconlist_title_small  '  itemprop=\"headline\" >Customer Use-Case:<\/div><\/header><div class='iconlist_content '  itemprop=\"text\" ><ul>\n<li><span style=\"font-weight: 400;\">During the chip shortage global company decided to recycle valuable FPGAs used in end-of-life products <\/span><\/li>\n<\/ul>\n<\/div><\/div><footer class=\"entry-footer\"><\/footer><\/article><div class=\"iconlist-timeline\"><\/div><\/li>\n<li><div class='iconlist_icon av-lnogrhdf-3bc072e21efd9744843c9296b4dc15a1 avia-font-entypo-fontello'><span class='iconlist-char' aria-hidden='true' data-av_icon='\ue898' data-av_iconfont='entypo-fontello'><\/span><\/div><article class=\"article-icon-entry \"  itemscope=\"itemscope\" itemtype=\"https:\/\/schema.org\/CreativeWork\" ><div class=\"iconlist_content_wrap\"><header class=\"entry-content-header\"><div class='av_iconlist_title iconlist_title_small  '  itemprop=\"headline\" >Our role:<\/div><\/header><div class='iconlist_content '  itemprop=\"text\" ><ul>\n<li style=\"font-weight: 400;\" aria-level=\"2\"><span style=\"font-weight: 400;\">Design hardware and firmware suitable for functional and performance testing of FPGAs including high-speed transceivers<\/span><\/li>\n<li style=\"font-weight: 400;\" aria-level=\"2\"><span style=\"font-weight: 400;\">Tester board manufacturing and boot-up<\/span><\/li>\n<li style=\"font-weight: 400;\" aria-level=\"2\"><span style=\"font-weight: 400;\">Support the testing of 200+ pcs of extracted and reballed FPGAs<\/span><\/li>\n<\/ul>\n<\/div><\/div><footer class=\"entry-footer\"><\/footer><\/article><div class=\"iconlist-timeline\"><\/div><\/li>\n<\/ul><\/div><\/div><\/div><!--close column table wrapper. Autoclose: 1 -->\n<\/p>\n<\/div><\/div><\/div><!-- close content main div --><\/div><\/div><div id='av_section_3'  class='avia-section av-6wl7s-6010aa98b561c81ae512a311d2cb0139 main_color avia-section-default avia-no-border-styling  avia-builder-el-9  el_after_av_section  avia-builder-el-last  avia-bg-style-scroll container_wrap fullsize'  ><div class='container av-section-cont-open' ><div class='template-page content  av-content-full alpha units'><div class='post-entry post-entry-type-page post-entry-419'><div class='entry-content-wrapper clearfix'>\n","protected":false},"excerpt":{"rendered":"","protected":false},"author":1,"featured_media":0,"parent":0,"menu_order":0,"comment_status":"closed","ping_status":"closed","template":"","meta":{"inline_featured_image":false,"footnotes":""},"class_list":["post-419","page","type-page","status-publish","hentry"],"yoast_head":"<!-- This site is optimized with the Yoast SEO plugin v21.4 - https:\/\/yoast.com\/wordpress\/plugins\/seo\/ -->\n<title>FPGA teszt \u00e1llom\u00e1s - Advme<\/title>\n<meta name=\"description\" content=\"Customer Use-Case: During the chip shortage global company decided to recycle valuable FPGAs used in end-of-life products\" \/>\n<meta name=\"robots\" content=\"index, follow, max-snippet:-1, max-image-preview:large, max-video-preview:-1\" \/>\n<link rel=\"canonical\" href=\"https:\/\/advme.eu\/hu\/fpga-teszt-allomas\/\" \/>\n<meta property=\"og:locale\" content=\"hu_HU\" \/>\n<meta property=\"og:type\" content=\"article\" \/>\n<meta property=\"og:title\" content=\"FPGA teszt \u00e1llom\u00e1s - Advme\" \/>\n<meta property=\"og:description\" content=\"Customer Use-Case: During the chip shortage global company decided to recycle valuable FPGAs used in end-of-life products\" \/>\n<meta property=\"og:url\" content=\"https:\/\/advme.eu\/hu\/fpga-teszt-allomas\/\" \/>\n<meta property=\"og:site_name\" content=\"Advme\" \/>\n<meta property=\"article:modified_time\" content=\"2023-10-18T08:51:40+00:00\" \/>\n<meta name=\"twitter:card\" content=\"summary_large_image\" \/>\n<meta name=\"twitter:label1\" content=\"Becs\u00fclt olvas\u00e1si id\u0151\" \/>\n\t<meta name=\"twitter:data1\" content=\"5 perc\" \/>\n<script type=\"application\/ld+json\" class=\"yoast-schema-graph\">{\"@context\":\"https:\/\/schema.org\",\"@graph\":[{\"@type\":\"WebPage\",\"@id\":\"https:\/\/advme.eu\/hu\/fpga-teszt-allomas\/\",\"url\":\"https:\/\/advme.eu\/hu\/fpga-teszt-allomas\/\",\"name\":\"FPGA teszt \u00e1llom\u00e1s - Advme\",\"isPartOf\":{\"@id\":\"https:\/\/advme.eu\/#website\"},\"datePublished\":\"2023-10-13T10:26:35+00:00\",\"dateModified\":\"2023-10-18T08:51:40+00:00\",\"description\":\"Customer Use-Case: During the chip shortage global company decided to recycle valuable FPGAs used in end-of-life products\",\"breadcrumb\":{\"@id\":\"https:\/\/advme.eu\/hu\/fpga-teszt-allomas\/#breadcrumb\"},\"inLanguage\":\"hu\",\"potentialAction\":[{\"@type\":\"ReadAction\",\"target\":[\"https:\/\/advme.eu\/hu\/fpga-teszt-allomas\/\"]}]},{\"@type\":\"BreadcrumbList\",\"@id\":\"https:\/\/advme.eu\/hu\/fpga-teszt-allomas\/#breadcrumb\",\"itemListElement\":[{\"@type\":\"ListItem\",\"position\":1,\"name\":\"Kezd\u0151lap\",\"item\":\"https:\/\/advme.eu\/main\/\"},{\"@type\":\"ListItem\",\"position\":2,\"name\":\"FPGA teszt \u00e1llom\u00e1s\"}]},{\"@type\":\"WebSite\",\"@id\":\"https:\/\/advme.eu\/#website\",\"url\":\"https:\/\/advme.eu\/\",\"name\":\"Advme\",\"description\":\"Test systems for power electronics and batteries\",\"potentialAction\":[{\"@type\":\"SearchAction\",\"target\":{\"@type\":\"EntryPoint\",\"urlTemplate\":\"https:\/\/advme.eu\/?s={search_term_string}\"},\"query-input\":\"required name=search_term_string\"}],\"inLanguage\":\"hu\"}]}<\/script>\n<!-- \/ Yoast SEO plugin. -->","yoast_head_json":{"title":"FPGA teszt \u00e1llom\u00e1s - Advme","description":"Customer Use-Case: During the chip shortage global company decided to recycle valuable FPGAs used in end-of-life products","robots":{"index":"index","follow":"follow","max-snippet":"max-snippet:-1","max-image-preview":"max-image-preview:large","max-video-preview":"max-video-preview:-1"},"canonical":"https:\/\/advme.eu\/hu\/fpga-teszt-allomas\/","og_locale":"hu_HU","og_type":"article","og_title":"FPGA teszt \u00e1llom\u00e1s - Advme","og_description":"Customer Use-Case: During the chip shortage global company decided to recycle valuable FPGAs used in end-of-life products","og_url":"https:\/\/advme.eu\/hu\/fpga-teszt-allomas\/","og_site_name":"Advme","article_modified_time":"2023-10-18T08:51:40+00:00","twitter_card":"summary_large_image","twitter_misc":{"Becs\u00fclt olvas\u00e1si id\u0151":"5 perc"},"schema":{"@context":"https:\/\/schema.org","@graph":[{"@type":"WebPage","@id":"https:\/\/advme.eu\/hu\/fpga-teszt-allomas\/","url":"https:\/\/advme.eu\/hu\/fpga-teszt-allomas\/","name":"FPGA teszt \u00e1llom\u00e1s - Advme","isPartOf":{"@id":"https:\/\/advme.eu\/#website"},"datePublished":"2023-10-13T10:26:35+00:00","dateModified":"2023-10-18T08:51:40+00:00","description":"Customer Use-Case: During the chip shortage global company decided to recycle valuable FPGAs used in end-of-life products","breadcrumb":{"@id":"https:\/\/advme.eu\/hu\/fpga-teszt-allomas\/#breadcrumb"},"inLanguage":"hu","potentialAction":[{"@type":"ReadAction","target":["https:\/\/advme.eu\/hu\/fpga-teszt-allomas\/"]}]},{"@type":"BreadcrumbList","@id":"https:\/\/advme.eu\/hu\/fpga-teszt-allomas\/#breadcrumb","itemListElement":[{"@type":"ListItem","position":1,"name":"Kezd\u0151lap","item":"https:\/\/advme.eu\/main\/"},{"@type":"ListItem","position":2,"name":"FPGA teszt \u00e1llom\u00e1s"}]},{"@type":"WebSite","@id":"https:\/\/advme.eu\/#website","url":"https:\/\/advme.eu\/","name":"Advme","description":"Test systems for power electronics and batteries","potentialAction":[{"@type":"SearchAction","target":{"@type":"EntryPoint","urlTemplate":"https:\/\/advme.eu\/?s={search_term_string}"},"query-input":"required name=search_term_string"}],"inLanguage":"hu"}]}},"_links":{"self":[{"href":"https:\/\/advme.eu\/hu\/wp-json\/wp\/v2\/pages\/419","targetHints":{"allow":["GET"]}}],"collection":[{"href":"https:\/\/advme.eu\/hu\/wp-json\/wp\/v2\/pages"}],"about":[{"href":"https:\/\/advme.eu\/hu\/wp-json\/wp\/v2\/types\/page"}],"author":[{"embeddable":true,"href":"https:\/\/advme.eu\/hu\/wp-json\/wp\/v2\/users\/1"}],"replies":[{"embeddable":true,"href":"https:\/\/advme.eu\/hu\/wp-json\/wp\/v2\/comments?post=419"}],"version-history":[{"count":3,"href":"https:\/\/advme.eu\/hu\/wp-json\/wp\/v2\/pages\/419\/revisions"}],"predecessor-version":[{"id":421,"href":"https:\/\/advme.eu\/hu\/wp-json\/wp\/v2\/pages\/419\/revisions\/421"}],"wp:attachment":[{"href":"https:\/\/advme.eu\/hu\/wp-json\/wp\/v2\/media?parent=419"}],"curies":[{"name":"wp","href":"https:\/\/api.w.org\/{rel}","templated":true}]}}