{"id":423,"date":"2023-10-12T13:06:54","date_gmt":"2023-10-12T13:06:54","guid":{"rendered":"https:\/\/advme.eu\/maintenance-and-calibration-of-legacy-nh-research-test-equipment\/"},"modified":"2023-10-18T08:55:48","modified_gmt":"2023-10-18T08:55:48","slug":"nh-research-teszt-berendezesek-karbantartas-es-kalibralasa","status":"publish","type":"page","link":"https:\/\/advme.eu\/hu\/nh-research-teszt-berendezesek-karbantartas-es-kalibralasa\/","title":{"rendered":"NH Research teszt berendez\u00e9sek karbantart\u00e1s \u00e9s kalibr\u00e1l\u00e1sa"},"content":{"rendered":"\n<style type=\"text\/css\" data-created_by=\"avia_inline_auto\" id=\"style-css-av-lnn71z2y-1437d50a35c8f9785c7a33b524fe2b03\">\n.avia-section.av-lnn71z2y-1437d50a35c8f9785c7a33b524fe2b03{\nbackground-repeat:no-repeat;\nbackground-image:url(https:\/\/advme.eu\/wp-content\/uploads\/2023\/10\/maintenancepic.jpg);\nbackground-position:0% 0%;\nbackground-attachment:scroll;\n}\n<\/style>\n<div id='av_section_1'  class='avia-section av-lnn71z2y-1437d50a35c8f9785c7a33b524fe2b03 main_color avia-section-large avia-no-border-styling  avia-builder-el-0  el_before_av_section  avia-builder-el-first  sinus2 avia-full-stretch avia-bg-style-scroll container_wrap fullsize'  data-section-bg-repeat='stretch'><div class='container av-section-cont-open' ><main  role=\"main\" itemprop=\"mainContentOfPage\"  class='template-page content  av-content-full alpha units'><div class='post-entry post-entry-type-page post-entry-423'><div class='entry-content-wrapper clearfix'>\n<div  class='flex_column av-hmnbo-bba329740997e94096835181275f90c4 av_two_third  avia-builder-el-1  el_before_av_one_third  avia-builder-el-first  first flex_column_div  '     ><style type=\"text\/css\" data-created_by=\"avia_inline_auto\" id=\"style-css-av-lnn702nz-1a7272155fb5a8b01315233efa45783c\">\n#top .av-special-heading.av-lnn702nz-1a7272155fb5a8b01315233efa45783c{\npadding-bottom:0;\ncolor:#ffffff;\n}\nbody .av-special-heading.av-lnn702nz-1a7272155fb5a8b01315233efa45783c .av-special-heading-tag .heading-char{\nfont-size:25px;\n}\n.av-special-heading.av-lnn702nz-1a7272155fb5a8b01315233efa45783c .special-heading-inner-border{\nborder-color:#ffffff;\n}\n.av-special-heading.av-lnn702nz-1a7272155fb5a8b01315233efa45783c .av-subheading{\nfont-size:15px;\n}\n<\/style>\n<div  class='av-special-heading av-lnn702nz-1a7272155fb5a8b01315233efa45783c av-special-heading-h1 custom-color-heading blockquote modern-quote  avia-builder-el-2  avia-builder-el-no-sibling '><h1 class='av-special-heading-tag'  itemprop=\"headline\"  >NH Research teszt berendez\u00e9sek karbantart\u00e1s \u00e9s kalibr\u00e1l\u00e1sa<\/h1><div class=\"special-heading-border\"><div class=\"special-heading-inner-border\"><\/div><\/div><\/div><\/div><div  class='flex_column av-auqgk-b96fb353eeb38c49c77d5622967eea65 av_one_third  avia-builder-el-3  el_after_av_two_third  avia-builder-el-last  flex_column_div  '     ><\/div><\/div><\/div><\/main><!-- close content main element --><\/div><\/div><div id='av_section_2'  class='avia-section av-9r1g4-b4348ae47bc44b0c36424c56e028a3e2 main_color avia-section-default avia-no-border-styling  avia-builder-el-4  el_after_av_section  avia-builder-el-last  avia-bg-style-scroll container_wrap fullsize'  ><div class='container av-section-cont-open' ><div class='template-page content  av-content-full alpha units'><div class='post-entry post-entry-type-page post-entry-423'><div class='entry-content-wrapper clearfix'>\n<div class='flex_column_table av-lnn74zn6-90f8662acde4052d5a8fc28a2672512e sc-av_one_half av-equal-height-column-flextable'><div  class='flex_column av-lnn74zn6-90f8662acde4052d5a8fc28a2672512e av_one_half  avia-builder-el-5  el_before_av_one_half  avia-builder-el-first  first flex_column_table_cell av-equal-height-column av-align-middle av-animated-generic left-to-right  '     ><style type=\"text\/css\" data-created_by=\"avia_inline_auto\" id=\"style-css-av-lnn75hbc-3d03e55e31795173b83c3129f09ec5d3\">\n.avia-image-container.av-lnn75hbc-3d03e55e31795173b83c3129f09ec5d3 img.avia_image{\nbox-shadow:none;\n}\n.avia-image-container.av-lnn75hbc-3d03e55e31795173b83c3129f09ec5d3 .av-image-caption-overlay-center{\ncolor:#ffffff;\n}\n<\/style>\n<div  class='avia-image-container av-lnn75hbc-3d03e55e31795173b83c3129f09ec5d3 av-styling- avia-align-center  avia-builder-el-6  avia-builder-el-no-sibling '   itemprop=\"image\" itemscope=\"itemscope\" itemtype=\"https:\/\/schema.org\/ImageObject\" ><div class=\"avia-image-container-inner\"><div class=\"avia-image-overlay-wrap\"><img decoding=\"async\" class='wp-image-363 avia-img-lazy-loading-not-363 avia_image ' src=\"https:\/\/advme.eu\/wp-content\/uploads\/2023\/10\/mainadv.jpg\" alt='' title=''  height=\"497\" width=\"501\"  itemprop=\"thumbnailUrl\" srcset=\"https:\/\/advme.eu\/wp-content\/uploads\/2023\/10\/mainadv.jpg 501w, https:\/\/advme.eu\/wp-content\/uploads\/2023\/10\/mainadv-300x298.jpg 300w, https:\/\/advme.eu\/wp-content\/uploads\/2023\/10\/mainadv-80x80.jpg 80w, https:\/\/advme.eu\/wp-content\/uploads\/2023\/10\/mainadv-36x36.jpg 36w, https:\/\/advme.eu\/wp-content\/uploads\/2023\/10\/mainadv-180x180.jpg 180w\" sizes=\"(max-width: 501px) 100vw, 501px\" \/><\/div><\/div><\/div><\/div><div class='av-flex-placeholder'><\/div><div  class='flex_column av-lnn753zn-132c31c55e49b1c6d9032ebc9107dcca av_one_half  avia-builder-el-7  el_after_av_one_half  avia-builder-el-last  flex_column_table_cell av-equal-height-column av-align-middle av-animated-generic right-to-left  '     ><style type=\"text\/css\" data-created_by=\"avia_inline_auto\" id=\"style-css-av-lnn76oqn-d8122628ddbfdce4b35a48501f43f1a2\">\n#top .avia-icon-list-container.av-lnn76oqn-d8122628ddbfdce4b35a48501f43f1a2 .iconlist_icon{\ncolor:#00b4d6;\n}\n<\/style>\n<div  class='avia-icon-list-container av-lnn76oqn-d8122628ddbfdce4b35a48501f43f1a2  avia-builder-el-8  avia-builder-el-no-sibling '><ul class='avia-icon-list avia_animate_when_almost_visible avia-icon-list-left av-iconlist-small av-lnn76oqn-d8122628ddbfdce4b35a48501f43f1a2 avia-iconlist-animate'>\n<li><div class='iconlist_icon av-lnn768th-e3b28a9e817f3f7cf0c2d1e95110f0d1 avia-font-entypo-fontello'><span class='iconlist-char' aria-hidden='true' data-av_icon='\ue898' data-av_iconfont='entypo-fontello'><\/span><\/div><article class=\"article-icon-entry av-iconlist-empty\"  itemscope=\"itemscope\" itemtype=\"https:\/\/schema.org\/CreativeWork\" ><div class=\"iconlist_content_wrap\"><header class=\"entry-content-header\"><div class='av_iconlist_title iconlist_title_small  '  itemprop=\"headline\" >\u00dcgyf\u00e9lk\u00f6r: Eur\u00f3pai t\u00e1pegys\u00e9g gy\u00e1rt\u00f3 v\u00e1llalatok<\/div><\/header><div class='iconlist_content '  itemprop=\"text\" ><\/div><\/div><footer class=\"entry-footer\"><\/footer><\/article><div class=\"iconlist-timeline\"><\/div><\/li>\n<li><div class='iconlist_icon av-lnn768th-4-e5c1d6c7dc1f4b8e1c4298cca7af782e avia-font-entypo-fontello'><span class='iconlist-char' aria-hidden='true' data-av_icon='\ue898' data-av_iconfont='entypo-fontello'><\/span><\/div><article class=\"article-icon-entry av-iconlist-empty\"  itemscope=\"itemscope\" itemtype=\"https:\/\/schema.org\/CreativeWork\" ><div class=\"iconlist_content_wrap\"><header class=\"entry-content-header\"><div class='av_iconlist_title iconlist_title_small  '  itemprop=\"headline\" >NHR 5XXX\/5XXX\/8XXX\/S6XX rendeszerek \u00e9ves karbantart\u00e1sa \u00e9s kalibr\u00e1ci\u00f3ja<\/div><\/header><div class='iconlist_content '  itemprop=\"text\" ><\/div><\/div><footer class=\"entry-footer\"><\/footer><\/article><div class=\"iconlist-timeline\"><\/div><\/li>\n<li><div class='iconlist_icon av-lnn768th-3-12176057167f5d2e40a54064ebaaf634 avia-font-entypo-fontello'><span class='iconlist-char' aria-hidden='true' data-av_icon='\ue898' data-av_iconfont='entypo-fontello'><\/span><\/div><article class=\"article-icon-entry av-iconlist-empty\"  itemscope=\"itemscope\" itemtype=\"https:\/\/schema.org\/CreativeWork\" ><div class=\"iconlist_content_wrap\"><header class=\"entry-content-header\"><div class='av_iconlist_title iconlist_title_small  '  itemprop=\"headline\" >V\u00e9szhelyzeti rakt\u00e1rk\u00e9szlet biztos\u00edt\u00e1sa a kritikus modulokb\u00f3l<\/div><\/header><div class='iconlist_content '  itemprop=\"text\" ><\/div><\/div><footer class=\"entry-footer\"><\/footer><\/article><div class=\"iconlist-timeline\"><\/div><\/li>\n<li><div class='iconlist_icon av-lnn768th-2-5dd9c27cbb37e99cfa7ba9a49e14ed5c avia-font-entypo-fontello'><span class='iconlist-char' aria-hidden='true' data-av_icon='\ue898' data-av_iconfont='entypo-fontello'><\/span><\/div><article class=\"article-icon-entry av-iconlist-empty\"  itemscope=\"itemscope\" itemtype=\"https:\/\/schema.org\/CreativeWork\" ><div class=\"iconlist_content_wrap\"><header class=\"entry-content-header\"><div class='av_iconlist_title iconlist_title_small  '  itemprop=\"headline\" >Hib\u00e1s m\u0171szerek jav\u00edt\u00e1sa<\/div><\/header><div class='iconlist_content '  itemprop=\"text\" ><\/div><\/div><footer class=\"entry-footer\"><\/footer><\/article><div class=\"iconlist-timeline\"><\/div><\/li>\n<\/ul><\/div><\/div><\/div><!--close column table wrapper. Autoclose: 1 --><\/p>\n","protected":false},"excerpt":{"rendered":"","protected":false},"author":1,"featured_media":0,"parent":0,"menu_order":0,"comment_status":"closed","ping_status":"closed","template":"","meta":{"inline_featured_image":false,"footnotes":""},"class_list":["post-423","page","type-page","status-publish","hentry"],"yoast_head":"<!-- This site is optimized with the Yoast SEO plugin v21.4 - https:\/\/yoast.com\/wordpress\/plugins\/seo\/ -->\n<title>NH Research teszt berendez\u00e9sek karbantart\u00e1s \u00e9s kalibr\u00e1l\u00e1sa - Advme<\/title>\n<meta name=\"description\" content=\"NH Research teszt berendez\u00e9sek karbantart\u00e1s \u00e9s kalibr\u00e1l\u00e1sa: \u00dcgyf\u00e9lk\u00f6r: Eur\u00f3pai t\u00e1pegys\u00e9g gy\u00e1rt\u00f3 v\u00e1llalatok\" \/>\n<meta name=\"robots\" content=\"index, follow, max-snippet:-1, max-image-preview:large, max-video-preview:-1\" \/>\n<link rel=\"canonical\" href=\"https:\/\/advme.eu\/hu\/nh-research-teszt-berendezesek-karbantartas-es-kalibralasa\/\" \/>\n<meta property=\"og:locale\" content=\"hu_HU\" \/>\n<meta property=\"og:type\" content=\"article\" \/>\n<meta property=\"og:title\" content=\"NH Research teszt berendez\u00e9sek karbantart\u00e1s \u00e9s kalibr\u00e1l\u00e1sa - Advme\" \/>\n<meta property=\"og:description\" content=\"NH Research teszt berendez\u00e9sek karbantart\u00e1s \u00e9s kalibr\u00e1l\u00e1sa: \u00dcgyf\u00e9lk\u00f6r: Eur\u00f3pai t\u00e1pegys\u00e9g gy\u00e1rt\u00f3 v\u00e1llalatok\" \/>\n<meta property=\"og:url\" content=\"https:\/\/advme.eu\/hu\/nh-research-teszt-berendezesek-karbantartas-es-kalibralasa\/\" \/>\n<meta property=\"og:site_name\" content=\"Advme\" \/>\n<meta property=\"article:modified_time\" content=\"2023-10-18T08:55:48+00:00\" \/>\n<meta name=\"twitter:card\" content=\"summary_large_image\" \/>\n<meta name=\"twitter:label1\" content=\"Becs\u00fclt olvas\u00e1si id\u0151\" \/>\n\t<meta name=\"twitter:data1\" content=\"5 perc\" \/>\n<script type=\"application\/ld+json\" class=\"yoast-schema-graph\">{\"@context\":\"https:\/\/schema.org\",\"@graph\":[{\"@type\":\"WebPage\",\"@id\":\"https:\/\/advme.eu\/hu\/nh-research-teszt-berendezesek-karbantartas-es-kalibralasa\/\",\"url\":\"https:\/\/advme.eu\/hu\/nh-research-teszt-berendezesek-karbantartas-es-kalibralasa\/\",\"name\":\"NH Research teszt berendez\u00e9sek karbantart\u00e1s \u00e9s kalibr\u00e1l\u00e1sa - Advme\",\"isPartOf\":{\"@id\":\"https:\/\/advme.eu\/#website\"},\"datePublished\":\"2023-10-12T13:06:54+00:00\",\"dateModified\":\"2023-10-18T08:55:48+00:00\",\"description\":\"NH Research teszt berendez\u00e9sek karbantart\u00e1s \u00e9s kalibr\u00e1l\u00e1sa: \u00dcgyf\u00e9lk\u00f6r: Eur\u00f3pai t\u00e1pegys\u00e9g gy\u00e1rt\u00f3 v\u00e1llalatok\",\"breadcrumb\":{\"@id\":\"https:\/\/advme.eu\/hu\/nh-research-teszt-berendezesek-karbantartas-es-kalibralasa\/#breadcrumb\"},\"inLanguage\":\"hu\",\"potentialAction\":[{\"@type\":\"ReadAction\",\"target\":[\"https:\/\/advme.eu\/hu\/nh-research-teszt-berendezesek-karbantartas-es-kalibralasa\/\"]}]},{\"@type\":\"BreadcrumbList\",\"@id\":\"https:\/\/advme.eu\/hu\/nh-research-teszt-berendezesek-karbantartas-es-kalibralasa\/#breadcrumb\",\"itemListElement\":[{\"@type\":\"ListItem\",\"position\":1,\"name\":\"Kezd\u0151lap\",\"item\":\"https:\/\/advme.eu\/main\/\"},{\"@type\":\"ListItem\",\"position\":2,\"name\":\"NH Research teszt berendez\u00e9sek karbantart\u00e1s \u00e9s kalibr\u00e1l\u00e1sa\"}]},{\"@type\":\"WebSite\",\"@id\":\"https:\/\/advme.eu\/#website\",\"url\":\"https:\/\/advme.eu\/\",\"name\":\"Advme\",\"description\":\"Test systems for power electronics and batteries\",\"potentialAction\":[{\"@type\":\"SearchAction\",\"target\":{\"@type\":\"EntryPoint\",\"urlTemplate\":\"https:\/\/advme.eu\/?s={search_term_string}\"},\"query-input\":\"required name=search_term_string\"}],\"inLanguage\":\"hu\"}]}<\/script>\n<!-- \/ Yoast SEO plugin. -->","yoast_head_json":{"title":"NH Research teszt berendez\u00e9sek karbantart\u00e1s \u00e9s kalibr\u00e1l\u00e1sa - Advme","description":"NH Research teszt berendez\u00e9sek karbantart\u00e1s \u00e9s kalibr\u00e1l\u00e1sa: \u00dcgyf\u00e9lk\u00f6r: Eur\u00f3pai t\u00e1pegys\u00e9g gy\u00e1rt\u00f3 v\u00e1llalatok","robots":{"index":"index","follow":"follow","max-snippet":"max-snippet:-1","max-image-preview":"max-image-preview:large","max-video-preview":"max-video-preview:-1"},"canonical":"https:\/\/advme.eu\/hu\/nh-research-teszt-berendezesek-karbantartas-es-kalibralasa\/","og_locale":"hu_HU","og_type":"article","og_title":"NH Research teszt berendez\u00e9sek karbantart\u00e1s \u00e9s kalibr\u00e1l\u00e1sa - Advme","og_description":"NH Research teszt berendez\u00e9sek karbantart\u00e1s \u00e9s kalibr\u00e1l\u00e1sa: \u00dcgyf\u00e9lk\u00f6r: Eur\u00f3pai t\u00e1pegys\u00e9g gy\u00e1rt\u00f3 v\u00e1llalatok","og_url":"https:\/\/advme.eu\/hu\/nh-research-teszt-berendezesek-karbantartas-es-kalibralasa\/","og_site_name":"Advme","article_modified_time":"2023-10-18T08:55:48+00:00","twitter_card":"summary_large_image","twitter_misc":{"Becs\u00fclt olvas\u00e1si id\u0151":"5 perc"},"schema":{"@context":"https:\/\/schema.org","@graph":[{"@type":"WebPage","@id":"https:\/\/advme.eu\/hu\/nh-research-teszt-berendezesek-karbantartas-es-kalibralasa\/","url":"https:\/\/advme.eu\/hu\/nh-research-teszt-berendezesek-karbantartas-es-kalibralasa\/","name":"NH Research teszt berendez\u00e9sek karbantart\u00e1s \u00e9s kalibr\u00e1l\u00e1sa - Advme","isPartOf":{"@id":"https:\/\/advme.eu\/#website"},"datePublished":"2023-10-12T13:06:54+00:00","dateModified":"2023-10-18T08:55:48+00:00","description":"NH Research teszt berendez\u00e9sek karbantart\u00e1s \u00e9s kalibr\u00e1l\u00e1sa: \u00dcgyf\u00e9lk\u00f6r: Eur\u00f3pai t\u00e1pegys\u00e9g gy\u00e1rt\u00f3 v\u00e1llalatok","breadcrumb":{"@id":"https:\/\/advme.eu\/hu\/nh-research-teszt-berendezesek-karbantartas-es-kalibralasa\/#breadcrumb"},"inLanguage":"hu","potentialAction":[{"@type":"ReadAction","target":["https:\/\/advme.eu\/hu\/nh-research-teszt-berendezesek-karbantartas-es-kalibralasa\/"]}]},{"@type":"BreadcrumbList","@id":"https:\/\/advme.eu\/hu\/nh-research-teszt-berendezesek-karbantartas-es-kalibralasa\/#breadcrumb","itemListElement":[{"@type":"ListItem","position":1,"name":"Kezd\u0151lap","item":"https:\/\/advme.eu\/main\/"},{"@type":"ListItem","position":2,"name":"NH Research teszt berendez\u00e9sek karbantart\u00e1s \u00e9s kalibr\u00e1l\u00e1sa"}]},{"@type":"WebSite","@id":"https:\/\/advme.eu\/#website","url":"https:\/\/advme.eu\/","name":"Advme","description":"Test systems for power electronics and batteries","potentialAction":[{"@type":"SearchAction","target":{"@type":"EntryPoint","urlTemplate":"https:\/\/advme.eu\/?s={search_term_string}"},"query-input":"required name=search_term_string"}],"inLanguage":"hu"}]}},"_links":{"self":[{"href":"https:\/\/advme.eu\/hu\/wp-json\/wp\/v2\/pages\/423","targetHints":{"allow":["GET"]}}],"collection":[{"href":"https:\/\/advme.eu\/hu\/wp-json\/wp\/v2\/pages"}],"about":[{"href":"https:\/\/advme.eu\/hu\/wp-json\/wp\/v2\/types\/page"}],"author":[{"embeddable":true,"href":"https:\/\/advme.eu\/hu\/wp-json\/wp\/v2\/users\/1"}],"replies":[{"embeddable":true,"href":"https:\/\/advme.eu\/hu\/wp-json\/wp\/v2\/comments?post=423"}],"version-history":[{"count":3,"href":"https:\/\/advme.eu\/hu\/wp-json\/wp\/v2\/pages\/423\/revisions"}],"predecessor-version":[{"id":465,"href":"https:\/\/advme.eu\/hu\/wp-json\/wp\/v2\/pages\/423\/revisions\/465"}],"wp:attachment":[{"href":"https:\/\/advme.eu\/hu\/wp-json\/wp\/v2\/media?parent=423"}],"curies":[{"name":"wp","href":"https:\/\/api.w.org\/{rel}","templated":true}]}}