{"id":427,"date":"2023-10-12T13:16:22","date_gmt":"2023-10-12T13:16:22","guid":{"rendered":"https:\/\/advme.eu\/modular-power-supply-test-system\/"},"modified":"2023-10-18T09:22:43","modified_gmt":"2023-10-18T09:22:43","slug":"modularis-tapegyseg-teszt-rendszer","status":"publish","type":"page","link":"https:\/\/advme.eu\/hu\/modularis-tapegyseg-teszt-rendszer\/","title":{"rendered":"Modul\u00e1ris t\u00e1pegys\u00e9g teszt rendszer"},"content":{"rendered":"\n<style type=\"text\/css\" data-created_by=\"avia_inline_auto\" id=\"style-css-av-178s3a-8c506837f06c58fcfb5f25e0f79b2751\">\n.avia-section.av-178s3a-8c506837f06c58fcfb5f25e0f79b2751{\nbackground-repeat:no-repeat;\nbackground-image:url(https:\/\/advme.eu\/wp-content\/uploads\/2023\/10\/maintenancepic.jpg);\nbackground-position:0% 0%;\nbackground-attachment:scroll;\n}\n<\/style>\n<div id='av_section_1'  class='avia-section av-178s3a-8c506837f06c58fcfb5f25e0f79b2751 main_color avia-section-large avia-no-border-styling  avia-builder-el-0  el_before_av_section  avia-builder-el-first  sinus2 avia-full-stretch avia-bg-style-scroll container_wrap fullsize'  data-section-bg-repeat='stretch'><div class='container av-section-cont-open' ><main  role=\"main\" itemprop=\"mainContentOfPage\"  class='template-page content  av-content-full alpha units'><div class='post-entry post-entry-type-page post-entry-427'><div class='entry-content-wrapper clearfix'>\n<div  class='flex_column av-15nj4u-0be2597459579f4aaa51b93a02221c72 av_two_third  avia-builder-el-1  el_before_av_one_third  avia-builder-el-first  first flex_column_div  '     ><style type=\"text\/css\" data-created_by=\"avia_inline_auto\" id=\"style-css-av-lnn7cro1-2c53e4582154f187dbede7001062b39c\">\n#top .av-special-heading.av-lnn7cro1-2c53e4582154f187dbede7001062b39c{\npadding-bottom:0;\ncolor:#ffffff;\n}\nbody .av-special-heading.av-lnn7cro1-2c53e4582154f187dbede7001062b39c .av-special-heading-tag .heading-char{\nfont-size:25px;\n}\n.av-special-heading.av-lnn7cro1-2c53e4582154f187dbede7001062b39c .special-heading-inner-border{\nborder-color:#ffffff;\n}\n.av-special-heading.av-lnn7cro1-2c53e4582154f187dbede7001062b39c .av-subheading{\nfont-size:15px;\n}\n<\/style>\n<div  class='av-special-heading av-lnn7cro1-2c53e4582154f187dbede7001062b39c av-special-heading-h1 custom-color-heading blockquote modern-quote  avia-builder-el-2  avia-builder-el-no-sibling '><h1 class='av-special-heading-tag'  itemprop=\"headline\"  >Modul\u00e1ris t\u00e1pegys\u00e9g teszt rendszer<\/h1><div class=\"special-heading-border\"><div class=\"special-heading-inner-border\"><\/div><\/div><\/div><\/div><div  class='flex_column av-y05jy-a0087c373b1c5a57e81eafe783376f9f av_one_third  avia-builder-el-3  el_after_av_two_third  avia-builder-el-last  flex_column_div  '     ><\/div><\/div><\/div><\/main><!-- close content main element --><\/div><\/div><div id='av_section_2'  class='avia-section av-tgj4e-d72c2d6b011f723848bafa804f05d2d9 main_color avia-section-default avia-no-border-styling  avia-builder-el-4  el_after_av_section  avia-builder-el-last  avia-bg-style-scroll container_wrap fullsize'  ><div class='container av-section-cont-open' ><div class='template-page content  av-content-full alpha units'><div class='post-entry post-entry-type-page post-entry-427'><div class='entry-content-wrapper clearfix'>\n<div class='flex_column_table av-1z4am-54a13dfc55c2ecbbf140e22c2e5d9d49 sc-av_one_half av-equal-height-column-flextable'><div  class='flex_column av-1z4am-54a13dfc55c2ecbbf140e22c2e5d9d49 av_one_half  avia-builder-el-5  el_before_av_one_half  avia-builder-el-first  first flex_column_table_cell av-equal-height-column av-align-middle av-animated-generic left-to-right  '     ><style type=\"text\/css\" data-created_by=\"avia_inline_auto\" id=\"style-css-av-gc46e-7ab10c5c010a32e57ea5ad1b18d1d8de\">\n.avia-image-container.av-gc46e-7ab10c5c010a32e57ea5ad1b18d1d8de img.avia_image{\nbox-shadow:none;\n}\n.avia-image-container.av-gc46e-7ab10c5c010a32e57ea5ad1b18d1d8de .av-image-caption-overlay-center{\ncolor:#ffffff;\n}\n<\/style>\n<div  class='avia-image-container av-gc46e-7ab10c5c010a32e57ea5ad1b18d1d8de av-styling- avia-align-center  avia-builder-el-6  avia-builder-el-no-sibling '   itemprop=\"image\" itemscope=\"itemscope\" itemtype=\"https:\/\/schema.org\/ImageObject\" ><div class=\"avia-image-container-inner\"><div class=\"avia-image-overlay-wrap\"><img decoding=\"async\" class='wp-image-363 avia-img-lazy-loading-not-363 avia_image ' src=\"https:\/\/advme.eu\/wp-content\/uploads\/2023\/10\/mainadv.jpg\" alt='' title=''  height=\"497\" width=\"501\"  itemprop=\"thumbnailUrl\" srcset=\"https:\/\/advme.eu\/wp-content\/uploads\/2023\/10\/mainadv.jpg 501w, https:\/\/advme.eu\/wp-content\/uploads\/2023\/10\/mainadv-300x298.jpg 300w, https:\/\/advme.eu\/wp-content\/uploads\/2023\/10\/mainadv-80x80.jpg 80w, https:\/\/advme.eu\/wp-content\/uploads\/2023\/10\/mainadv-36x36.jpg 36w, https:\/\/advme.eu\/wp-content\/uploads\/2023\/10\/mainadv-180x180.jpg 180w\" sizes=\"(max-width: 501px) 100vw, 501px\" \/><\/div><\/div><\/div><\/div><div class='av-flex-placeholder'><\/div><div  class='flex_column av-6nb2u-84e2587295bde54b500977f5faa15a2d av_one_half  avia-builder-el-7  el_after_av_one_half  avia-builder-el-last  flex_column_table_cell av-equal-height-column av-align-middle av-animated-generic right-to-left  '     ><style type=\"text\/css\" data-created_by=\"avia_inline_auto\" id=\"style-css-av-lnn7dw7z-84988500efdd3f63e75250de4b99d0fb\">\n#top .avia-icon-list-container.av-lnn7dw7z-84988500efdd3f63e75250de4b99d0fb .iconlist_icon{\ncolor:#00b4d6;\n}\n<\/style>\n<div  class='avia-icon-list-container av-lnn7dw7z-84988500efdd3f63e75250de4b99d0fb  avia-builder-el-8  avia-builder-el-no-sibling '><ul class='avia-icon-list avia_animate_when_almost_visible avia-icon-list-left av-iconlist-small av-lnn7dw7z-84988500efdd3f63e75250de4b99d0fb avia-iconlist-animate'>\n<li><div class='iconlist_icon av-lnn7d60p-7ac0ce9c94fa2a93b37d62b01ba4dd6f avia-font-entypo-fontello'><span class='iconlist-char' aria-hidden='true' data-av_icon='\ue898' data-av_iconfont='entypo-fontello'><\/span><\/div><article class=\"article-icon-entry av-iconlist-empty\"  itemscope=\"itemscope\" itemtype=\"https:\/\/schema.org\/CreativeWork\" ><div class=\"iconlist_content_wrap\"><header class=\"entry-content-header\"><div class='av_iconlist_title iconlist_title_small  '  itemprop=\"headline\" >\u00dcgyf\u00e9lk\u00f6r: t\u00e1pegys\u00e9g szervizek \u00e9s gy\u00e1rak<\/div><\/header><div class='iconlist_content '  itemprop=\"text\" ><\/div><\/div><footer class=\"entry-footer\"><\/footer><\/article><div class=\"iconlist-timeline\"><\/div><\/li>\n<li><div class='iconlist_icon av-lnn7dbqs-20199bf0cdfadd98f3cf9a76706cc576 avia-font-entypo-fontello'><span class='iconlist-char' aria-hidden='true' data-av_icon='\ue898' data-av_iconfont='entypo-fontello'><\/span><\/div><article class=\"article-icon-entry av-iconlist-empty\"  itemscope=\"itemscope\" itemtype=\"https:\/\/schema.org\/CreativeWork\" ><div class=\"iconlist_content_wrap\"><header class=\"entry-content-header\"><div class='av_iconlist_title iconlist_title_small  '  itemprop=\"headline\" >Automatiz\u00e1lt teszt futtat\u00e1s \u00e9s ki\u00e9rt\u00e9kel\u00e9s<\/div><\/header><div class='iconlist_content '  itemprop=\"text\" ><\/div><\/div><footer class=\"entry-footer\"><\/footer><\/article><div class=\"iconlist-timeline\"><\/div><\/li>\n<li><div class='iconlist_icon av-lnn7dhqp-9472c0693465889fb616374836bc2aae avia-font-entypo-fontello'><span class='iconlist-char' aria-hidden='true' data-av_icon='\ue898' data-av_iconfont='entypo-fontello'><\/span><\/div><article class=\"article-icon-entry av-iconlist-empty\"  itemscope=\"itemscope\" itemtype=\"https:\/\/schema.org\/CreativeWork\" ><div class=\"iconlist_content_wrap\"><header class=\"entry-content-header\"><div class='av_iconlist_title iconlist_title_small  '  itemprop=\"headline\" >Script \u00edr\u00e1s ingyenes nyelv \u00e9s k\u00f6rnyezet haszn\u00e1lat\u00e1val<\/div><\/header><div class='iconlist_content '  itemprop=\"text\" ><\/div><\/div><footer class=\"entry-footer\"><\/footer><\/article><div class=\"iconlist-timeline\"><\/div><\/li>\n<li><div class='iconlist_icon av-lnn7dofl-52ee322ad2cbaa4c7b1c377cc5ce6710 avia-font-entypo-fontello'><span class='iconlist-char' aria-hidden='true' data-av_icon='\ue898' data-av_iconfont='entypo-fontello'><\/span><\/div><article class=\"article-icon-entry av-iconlist-empty\"  itemscope=\"itemscope\" itemtype=\"https:\/\/schema.org\/CreativeWork\" ><div class=\"iconlist_content_wrap\"><header class=\"entry-content-header\"><div class='av_iconlist_title iconlist_title_small  '  itemprop=\"headline\" >Modul\u00e1ris fel\u00e9p\u00edt\u00e9s kereskedelmi forgalomban el\u00e9rhet\u0151 m\u0171szerekkel<\/div><\/header><div class='iconlist_content '  itemprop=\"text\" ><\/div><\/div><footer class=\"entry-footer\"><\/footer><\/article><div class=\"iconlist-timeline\"><\/div><\/li>\n<li><div class='iconlist_icon av-lnn7dofl-8-2a8814e6e25bf5964fc6b3833486b8ae avia-font-entypo-fontello'><span class='iconlist-char' aria-hidden='true' data-av_icon='\ue898' data-av_iconfont='entypo-fontello'><\/span><\/div><article class=\"article-icon-entry av-iconlist-empty\"  itemscope=\"itemscope\" itemtype=\"https:\/\/schema.org\/CreativeWork\" ><div class=\"iconlist_content_wrap\"><header class=\"entry-content-header\"><div class='av_iconlist_title iconlist_title_small  '  itemprop=\"headline\" >V\u00e1laszthat\u00f3 teljes\u00edtm\u00e9nyszint 10kW-ig<\/div><\/header><div class='iconlist_content '  itemprop=\"text\" ><\/div><\/div><footer class=\"entry-footer\"><\/footer><\/article><div class=\"iconlist-timeline\"><\/div><\/li>\n<\/ul><\/div><\/div><\/div><!--close column table wrapper. Autoclose: 1 --><\/p>\n","protected":false},"excerpt":{"rendered":"","protected":false},"author":1,"featured_media":0,"parent":0,"menu_order":0,"comment_status":"closed","ping_status":"closed","template":"","meta":{"inline_featured_image":false,"footnotes":""},"class_list":["post-427","page","type-page","status-publish","hentry"],"yoast_head":"<!-- This site is optimized with the Yoast SEO plugin v21.4 - https:\/\/yoast.com\/wordpress\/plugins\/seo\/ -->\n<title>Modul\u00e1ris t\u00e1pegys\u00e9g teszt rendszer - Advme<\/title>\n<meta name=\"description\" content=\"Modul\u00e1ris t\u00e1pegys\u00e9g tesztrendszer: Vev\u0151k\u00f6r: T\u00e1pszerel\u0151 k\u00f6zpontok \u00e9s gy\u00e1rt\u00f3k\" \/>\n<meta name=\"robots\" content=\"index, follow, max-snippet:-1, max-image-preview:large, max-video-preview:-1\" \/>\n<link rel=\"canonical\" href=\"https:\/\/advme.eu\/hu\/modularis-tapegyseg-teszt-rendszer\/\" \/>\n<meta property=\"og:locale\" content=\"hu_HU\" \/>\n<meta property=\"og:type\" content=\"article\" \/>\n<meta property=\"og:title\" content=\"Modul\u00e1ris t\u00e1pegys\u00e9g teszt rendszer - Advme\" \/>\n<meta property=\"og:description\" content=\"Modul\u00e1ris t\u00e1pegys\u00e9g tesztrendszer: Vev\u0151k\u00f6r: T\u00e1pszerel\u0151 k\u00f6zpontok \u00e9s gy\u00e1rt\u00f3k\" \/>\n<meta property=\"og:url\" content=\"https:\/\/advme.eu\/hu\/modularis-tapegyseg-teszt-rendszer\/\" \/>\n<meta property=\"og:site_name\" content=\"Advme\" \/>\n<meta property=\"article:modified_time\" content=\"2023-10-18T09:22:43+00:00\" \/>\n<meta name=\"twitter:card\" content=\"summary_large_image\" \/>\n<meta name=\"twitter:label1\" content=\"Becs\u00fclt olvas\u00e1si id\u0151\" \/>\n\t<meta name=\"twitter:data1\" content=\"5 perc\" \/>\n<script type=\"application\/ld+json\" class=\"yoast-schema-graph\">{\"@context\":\"https:\/\/schema.org\",\"@graph\":[{\"@type\":\"WebPage\",\"@id\":\"https:\/\/advme.eu\/hu\/modularis-tapegyseg-teszt-rendszer\/\",\"url\":\"https:\/\/advme.eu\/hu\/modularis-tapegyseg-teszt-rendszer\/\",\"name\":\"Modul\u00e1ris t\u00e1pegys\u00e9g teszt rendszer - Advme\",\"isPartOf\":{\"@id\":\"https:\/\/advme.eu\/#website\"},\"datePublished\":\"2023-10-12T13:16:22+00:00\",\"dateModified\":\"2023-10-18T09:22:43+00:00\",\"description\":\"Modul\u00e1ris t\u00e1pegys\u00e9g tesztrendszer: Vev\u0151k\u00f6r: T\u00e1pszerel\u0151 k\u00f6zpontok \u00e9s gy\u00e1rt\u00f3k\",\"breadcrumb\":{\"@id\":\"https:\/\/advme.eu\/hu\/modularis-tapegyseg-teszt-rendszer\/#breadcrumb\"},\"inLanguage\":\"hu\",\"potentialAction\":[{\"@type\":\"ReadAction\",\"target\":[\"https:\/\/advme.eu\/hu\/modularis-tapegyseg-teszt-rendszer\/\"]}]},{\"@type\":\"BreadcrumbList\",\"@id\":\"https:\/\/advme.eu\/hu\/modularis-tapegyseg-teszt-rendszer\/#breadcrumb\",\"itemListElement\":[{\"@type\":\"ListItem\",\"position\":1,\"name\":\"Kezd\u0151lap\",\"item\":\"https:\/\/advme.eu\/main\/\"},{\"@type\":\"ListItem\",\"position\":2,\"name\":\"Modul\u00e1ris t\u00e1pegys\u00e9g teszt rendszer\"}]},{\"@type\":\"WebSite\",\"@id\":\"https:\/\/advme.eu\/#website\",\"url\":\"https:\/\/advme.eu\/\",\"name\":\"Advme\",\"description\":\"Test systems for power electronics and batteries\",\"potentialAction\":[{\"@type\":\"SearchAction\",\"target\":{\"@type\":\"EntryPoint\",\"urlTemplate\":\"https:\/\/advme.eu\/?s={search_term_string}\"},\"query-input\":\"required name=search_term_string\"}],\"inLanguage\":\"hu\"}]}<\/script>\n<!-- \/ Yoast SEO plugin. -->","yoast_head_json":{"title":"Modul\u00e1ris t\u00e1pegys\u00e9g teszt rendszer - Advme","description":"Modul\u00e1ris t\u00e1pegys\u00e9g tesztrendszer: Vev\u0151k\u00f6r: T\u00e1pszerel\u0151 k\u00f6zpontok \u00e9s gy\u00e1rt\u00f3k","robots":{"index":"index","follow":"follow","max-snippet":"max-snippet:-1","max-image-preview":"max-image-preview:large","max-video-preview":"max-video-preview:-1"},"canonical":"https:\/\/advme.eu\/hu\/modularis-tapegyseg-teszt-rendszer\/","og_locale":"hu_HU","og_type":"article","og_title":"Modul\u00e1ris t\u00e1pegys\u00e9g teszt rendszer - Advme","og_description":"Modul\u00e1ris t\u00e1pegys\u00e9g tesztrendszer: Vev\u0151k\u00f6r: T\u00e1pszerel\u0151 k\u00f6zpontok \u00e9s gy\u00e1rt\u00f3k","og_url":"https:\/\/advme.eu\/hu\/modularis-tapegyseg-teszt-rendszer\/","og_site_name":"Advme","article_modified_time":"2023-10-18T09:22:43+00:00","twitter_card":"summary_large_image","twitter_misc":{"Becs\u00fclt olvas\u00e1si id\u0151":"5 perc"},"schema":{"@context":"https:\/\/schema.org","@graph":[{"@type":"WebPage","@id":"https:\/\/advme.eu\/hu\/modularis-tapegyseg-teszt-rendszer\/","url":"https:\/\/advme.eu\/hu\/modularis-tapegyseg-teszt-rendszer\/","name":"Modul\u00e1ris t\u00e1pegys\u00e9g teszt rendszer - Advme","isPartOf":{"@id":"https:\/\/advme.eu\/#website"},"datePublished":"2023-10-12T13:16:22+00:00","dateModified":"2023-10-18T09:22:43+00:00","description":"Modul\u00e1ris t\u00e1pegys\u00e9g tesztrendszer: Vev\u0151k\u00f6r: T\u00e1pszerel\u0151 k\u00f6zpontok \u00e9s gy\u00e1rt\u00f3k","breadcrumb":{"@id":"https:\/\/advme.eu\/hu\/modularis-tapegyseg-teszt-rendszer\/#breadcrumb"},"inLanguage":"hu","potentialAction":[{"@type":"ReadAction","target":["https:\/\/advme.eu\/hu\/modularis-tapegyseg-teszt-rendszer\/"]}]},{"@type":"BreadcrumbList","@id":"https:\/\/advme.eu\/hu\/modularis-tapegyseg-teszt-rendszer\/#breadcrumb","itemListElement":[{"@type":"ListItem","position":1,"name":"Kezd\u0151lap","item":"https:\/\/advme.eu\/main\/"},{"@type":"ListItem","position":2,"name":"Modul\u00e1ris t\u00e1pegys\u00e9g teszt rendszer"}]},{"@type":"WebSite","@id":"https:\/\/advme.eu\/#website","url":"https:\/\/advme.eu\/","name":"Advme","description":"Test systems for power electronics and batteries","potentialAction":[{"@type":"SearchAction","target":{"@type":"EntryPoint","urlTemplate":"https:\/\/advme.eu\/?s={search_term_string}"},"query-input":"required name=search_term_string"}],"inLanguage":"hu"}]}},"_links":{"self":[{"href":"https:\/\/advme.eu\/hu\/wp-json\/wp\/v2\/pages\/427","targetHints":{"allow":["GET"]}}],"collection":[{"href":"https:\/\/advme.eu\/hu\/wp-json\/wp\/v2\/pages"}],"about":[{"href":"https:\/\/advme.eu\/hu\/wp-json\/wp\/v2\/types\/page"}],"author":[{"embeddable":true,"href":"https:\/\/advme.eu\/hu\/wp-json\/wp\/v2\/users\/1"}],"replies":[{"embeddable":true,"href":"https:\/\/advme.eu\/hu\/wp-json\/wp\/v2\/comments?post=427"}],"version-history":[{"count":3,"href":"https:\/\/advme.eu\/hu\/wp-json\/wp\/v2\/pages\/427\/revisions"}],"predecessor-version":[{"id":466,"href":"https:\/\/advme.eu\/hu\/wp-json\/wp\/v2\/pages\/427\/revisions\/466"}],"wp:attachment":[{"href":"https:\/\/advme.eu\/hu\/wp-json\/wp\/v2\/media?parent=427"}],"curies":[{"name":"wp","href":"https:\/\/api.w.org\/{rel}","templated":true}]}}