{"id":434,"date":"2023-10-13T10:24:42","date_gmt":"2023-10-13T10:24:42","guid":{"rendered":"https:\/\/advme.eu\/rf-receiver-and-signal-analyzer\/"},"modified":"2023-10-18T09:24:27","modified_gmt":"2023-10-18T09:24:27","slug":"radiofrekvencias-adatgyujto","status":"publish","type":"page","link":"https:\/\/advme.eu\/hu\/radiofrekvencias-adatgyujto\/","title":{"rendered":"R\u00e1di\u00f3frekvenci\u00e1s adatgy\u0171jt\u0151"},"content":{"rendered":"\n<style type=\"text\/css\" data-created_by=\"avia_inline_auto\" id=\"style-css-av-lnognv3k-a414c690f8ab1bdebd1e3fea20e97fec\">\n.avia-section.av-lnognv3k-a414c690f8ab1bdebd1e3fea20e97fec{\nbackground-repeat:no-repeat;\nbackground-image:url(https:\/\/advme.eu\/wp-content\/uploads\/2023\/10\/spacegrade1.jpg);\nbackground-position:0% 0%;\nbackground-attachment:scroll;\n}\n<\/style>\n<div id='av_section_1'  class='avia-section av-lnognv3k-a414c690f8ab1bdebd1e3fea20e97fec main_color avia-section-large avia-no-border-styling  avia-builder-el-0  el_before_av_section  avia-builder-el-first  chip2 avia-full-stretch avia-bg-style-scroll container_wrap fullsize'  data-section-bg-repeat='stretch'><div class='container av-section-cont-open' ><main  role=\"main\" itemprop=\"mainContentOfPage\"  class='template-page content  av-content-full alpha units'><div class='post-entry post-entry-type-page post-entry-434'><div class='entry-content-wrapper clearfix'>\n<div  class='flex_column av-ww9mk-edb894569c256da2f3db325afc177d19 av_two_third  avia-builder-el-1  el_before_av_one_third  avia-builder-el-first  first flex_column_div  '     ><style type=\"text\/css\" data-created_by=\"avia_inline_auto\" id=\"style-css-av-lnognlpe-a81a4d90a365eabf7f5b1e5526cf4a66\">\n#top .av-special-heading.av-lnognlpe-a81a4d90a365eabf7f5b1e5526cf4a66{\npadding-bottom:0;\ncolor:#ffffff;\n}\nbody .av-special-heading.av-lnognlpe-a81a4d90a365eabf7f5b1e5526cf4a66 .av-special-heading-tag .heading-char{\nfont-size:25px;\n}\n.av-special-heading.av-lnognlpe-a81a4d90a365eabf7f5b1e5526cf4a66 .special-heading-inner-border{\nborder-color:#ffffff;\n}\n.av-special-heading.av-lnognlpe-a81a4d90a365eabf7f5b1e5526cf4a66 .av-subheading{\nfont-size:15px;\n}\n<\/style>\n<div  class='av-special-heading av-lnognlpe-a81a4d90a365eabf7f5b1e5526cf4a66 av-special-heading-h1 custom-color-heading blockquote modern-quote  avia-builder-el-2  avia-builder-el-no-sibling '><h1 class='av-special-heading-tag'  itemprop=\"headline\"  >R\u00e1di\u00f3frekvenci\u00e1s adatgy\u0171jt\u0151<\/h1><div class=\"special-heading-border\"><div class=\"special-heading-inner-border\"><\/div><\/div><\/div><\/div><div  class='flex_column av-q037o-03d6f4dc490f8233289e05ad296c34a1 av_one_third  avia-builder-el-3  el_after_av_two_third  avia-builder-el-last  flex_column_div  '     ><\/div><\/div><\/div><\/main><!-- close content main element --><\/div><\/div><div id='av_section_2'  class='avia-section av-ioe5o-8fbf09cd545219c8850feb172c269dc8 main_color avia-section-default avia-no-border-styling  avia-builder-el-4  el_after_av_section  el_before_av_section  avia-bg-style-scroll container_wrap fullsize'  ><div class='container av-section-cont-open' ><div class='template-page content  av-content-full alpha units'><div class='post-entry post-entry-type-page post-entry-434'><div class='entry-content-wrapper clearfix'>\n<div class='flex_column_table av-ee3dg-301402bec41c213db62e64a247c2625d sc-av_one_half av-equal-height-column-flextable'><div  class='flex_column av-ee3dg-301402bec41c213db62e64a247c2625d av_one_half  avia-builder-el-5  el_before_av_one_half  avia-builder-el-first  first flex_column_table_cell av-equal-height-column av-align-middle av-animated-generic left-to-right  '     ><style type=\"text\/css\" data-created_by=\"avia_inline_auto\" id=\"style-css-av-lnogo0zt-c01def17027bd9f680c3adf8ef30456e\">\n.avia-image-container.av-lnogo0zt-c01def17027bd9f680c3adf8ef30456e img.avia_image{\nbox-shadow:none;\n}\n.avia-image-container.av-lnogo0zt-c01def17027bd9f680c3adf8ef30456e .av-image-caption-overlay-center{\ncolor:#ffffff;\n}\n<\/style>\n<div  class='avia-image-container av-lnogo0zt-c01def17027bd9f680c3adf8ef30456e av-styling- avia-align-center  avia-builder-el-6  avia-builder-el-no-sibling '   itemprop=\"image\" itemscope=\"itemscope\" itemtype=\"https:\/\/schema.org\/ImageObject\" ><div class=\"avia-image-container-inner\"><div class=\"avia-image-overlay-wrap\"><img decoding=\"async\" class='wp-image-367 avia-img-lazy-loading-not-367 avia_image ' src=\"https:\/\/advme.eu\/wp-content\/uploads\/2023\/10\/spacegrade2.jpg\" alt='' title=''  height=\"497\" width=\"496\"  itemprop=\"thumbnailUrl\" srcset=\"https:\/\/advme.eu\/wp-content\/uploads\/2023\/10\/spacegrade2.jpg 496w, https:\/\/advme.eu\/wp-content\/uploads\/2023\/10\/spacegrade2-300x300.jpg 300w, https:\/\/advme.eu\/wp-content\/uploads\/2023\/10\/spacegrade2-80x80.jpg 80w, https:\/\/advme.eu\/wp-content\/uploads\/2023\/10\/spacegrade2-36x36.jpg 36w, https:\/\/advme.eu\/wp-content\/uploads\/2023\/10\/spacegrade2-180x180.jpg 180w\" sizes=\"(max-width: 496px) 100vw, 496px\" \/><\/div><\/div><\/div><\/div><div class='av-flex-placeholder'><\/div><div  class='flex_column av-b6fsk-8d519dc65c0bf7659e9e59cf3a22750e av_one_half  avia-builder-el-7  el_after_av_one_half  avia-builder-el-last  flex_column_table_cell av-equal-height-column av-align-middle av-animated-generic right-to-left  '     ><style type=\"text\/css\" data-created_by=\"avia_inline_auto\" id=\"style-css-av-lnogoy26-b662ab6bd7e242776b4e727033daa10f\">\n#top .avia-icon-list-container.av-lnogoy26-b662ab6bd7e242776b4e727033daa10f .iconlist_icon{\ncolor:#00b4d6;\n}\n<\/style>\n<div  class='avia-icon-list-container av-lnogoy26-b662ab6bd7e242776b4e727033daa10f  avia-builder-el-8  avia-builder-el-no-sibling '><ul class='avia-icon-list avia_animate_when_almost_visible avia-icon-list-left av-iconlist-small av-lnogoy26-b662ab6bd7e242776b4e727033daa10f avia-iconlist-animate'>\n<li><div class='iconlist_icon av-lnogoknl-0a725201102c5eed8f918e530937a549 avia-font-entypo-fontello'><span class='iconlist-char' aria-hidden='true' data-av_icon='\ue898' data-av_iconfont='entypo-fontello'><\/span><\/div><article class=\"article-icon-entry \"  itemscope=\"itemscope\" itemtype=\"https:\/\/schema.org\/CreativeWork\" ><div class=\"iconlist_content_wrap\"><header class=\"entry-content-header\"><div class='av_iconlist_title iconlist_title_small  '  itemprop=\"headline\" >Customer Use-Case:<\/div><\/header><div class='iconlist_content '  itemprop=\"text\" ><ul>\n<li style=\"font-weight: 400;\" aria-level=\"2\"><span style=\"font-weight: 400;\">Upgrade an out-of-date FPGA based 8 channel DDC\/DUC (80 MHz input frequency) to the latest FPGA technology<\/span><\/li>\n<li style=\"font-weight: 400;\" aria-level=\"2\"><span style=\"font-weight: 400;\">The new design is configurable to different variants:<\/span>\n<ul>\n<li style=\"font-weight: 400;\" aria-level=\"3\"><span style=\"font-weight: 400;\">Up to 16 ch DDC<\/span><\/li>\n<li style=\"font-weight: 400;\" aria-level=\"3\"><span style=\"font-weight: 400;\">Up to 8 ch DDC\/DUC<\/span><\/li>\n<li style=\"font-weight: 400;\" aria-level=\"3\"><span style=\"font-weight: 400;\">Up to 16 ch DUC<\/span><\/li>\n<\/ul>\n<\/li>\n<\/ul>\n<\/div><\/div><footer class=\"entry-footer\"><\/footer><\/article><div class=\"iconlist-timeline\"><\/div><\/li>\n<li><div class='iconlist_icon av-lnogox4m-b08aae0509b19424494a8338d225dcce avia-font-entypo-fontello'><span class='iconlist-char' aria-hidden='true' data-av_icon='\ue898' data-av_iconfont='entypo-fontello'><\/span><\/div><article class=\"article-icon-entry \"  itemscope=\"itemscope\" itemtype=\"https:\/\/schema.org\/CreativeWork\" ><div class=\"iconlist_content_wrap\"><header class=\"entry-content-header\"><div class='av_iconlist_title iconlist_title_small  '  itemprop=\"headline\" >Our role:<\/div><\/header><div class='iconlist_content '  itemprop=\"text\" ><ul>\n<li style=\"font-weight: 400;\" aria-level=\"2\"><span style=\"font-weight: 400;\">Select new FPGA and AD\/DA converters<\/span><\/li>\n<li style=\"font-weight: 400;\" aria-level=\"2\"><span style=\"font-weight: 400;\">Migration to Xilinx Kintex family<\/span><\/li>\n<li style=\"font-weight: 400;\" aria-level=\"2\"><span style=\"font-weight: 400;\">Redesign of the old code base<\/span><\/li>\n<li style=\"font-weight: 400;\" aria-level=\"2\"><span style=\"font-weight: 400;\">System development including hardware and small-volume manufacturing<\/span><\/li>\n<\/ul>\n<\/div><\/div><footer class=\"entry-footer\"><\/footer><\/article><div class=\"iconlist-timeline\"><\/div><\/li>\n<\/ul><\/div><\/div><\/div><!--close column table wrapper. Autoclose: 1 --><\/div><\/div><\/div><!-- close content main div --><\/div><\/div><div id='av_section_3'  class='avia-section av-8no1o-7d3e0e2324613bc8ee37c4f46a2209d5 main_color avia-section-default avia-no-border-styling  avia-builder-el-9  el_after_av_section  avia-builder-el-last  avia-bg-style-scroll container_wrap fullsize'  ><div class='container av-section-cont-open' ><div class='template-page content  av-content-full alpha units'><div class='post-entry post-entry-type-page post-entry-434'><div class='entry-content-wrapper clearfix'><\/p>\n","protected":false},"excerpt":{"rendered":"","protected":false},"author":1,"featured_media":0,"parent":0,"menu_order":0,"comment_status":"closed","ping_status":"closed","template":"","meta":{"inline_featured_image":false,"footnotes":""},"class_list":["post-434","page","type-page","status-publish","hentry"],"yoast_head":"<!-- This site is optimized with the Yoast SEO plugin v21.4 - https:\/\/yoast.com\/wordpress\/plugins\/seo\/ -->\n<title>R\u00e1di\u00f3frekvenci\u00e1s adatgy\u0171jt\u0151 - Advme<\/title>\n<meta name=\"description\" content=\"Customer Use-Case: Upgrade an out-of-date FPGA based 8 channel DDC\/DUC (80 MHz input frequency) to the latest FPGA technology\" \/>\n<meta name=\"robots\" content=\"index, follow, max-snippet:-1, max-image-preview:large, max-video-preview:-1\" \/>\n<link rel=\"canonical\" href=\"https:\/\/advme.eu\/hu\/radiofrekvencias-adatgyujto\/\" \/>\n<meta property=\"og:locale\" content=\"hu_HU\" \/>\n<meta property=\"og:type\" content=\"article\" \/>\n<meta property=\"og:title\" content=\"R\u00e1di\u00f3frekvenci\u00e1s adatgy\u0171jt\u0151 - Advme\" \/>\n<meta property=\"og:description\" content=\"Customer Use-Case: Upgrade an out-of-date FPGA based 8 channel DDC\/DUC (80 MHz input frequency) to the latest FPGA technology\" \/>\n<meta property=\"og:url\" content=\"https:\/\/advme.eu\/hu\/radiofrekvencias-adatgyujto\/\" \/>\n<meta property=\"og:site_name\" content=\"Advme\" \/>\n<meta property=\"article:modified_time\" content=\"2023-10-18T09:24:27+00:00\" \/>\n<meta name=\"twitter:card\" content=\"summary_large_image\" \/>\n<meta name=\"twitter:label1\" content=\"Becs\u00fclt olvas\u00e1si id\u0151\" \/>\n\t<meta name=\"twitter:data1\" content=\"5 perc\" \/>\n<script type=\"application\/ld+json\" class=\"yoast-schema-graph\">{\"@context\":\"https:\/\/schema.org\",\"@graph\":[{\"@type\":\"WebPage\",\"@id\":\"https:\/\/advme.eu\/hu\/radiofrekvencias-adatgyujto\/\",\"url\":\"https:\/\/advme.eu\/hu\/radiofrekvencias-adatgyujto\/\",\"name\":\"R\u00e1di\u00f3frekvenci\u00e1s adatgy\u0171jt\u0151 - Advme\",\"isPartOf\":{\"@id\":\"https:\/\/advme.eu\/#website\"},\"datePublished\":\"2023-10-13T10:24:42+00:00\",\"dateModified\":\"2023-10-18T09:24:27+00:00\",\"description\":\"Customer Use-Case: Upgrade an out-of-date FPGA based 8 channel DDC\/DUC (80 MHz input frequency) to the latest FPGA technology\",\"breadcrumb\":{\"@id\":\"https:\/\/advme.eu\/hu\/radiofrekvencias-adatgyujto\/#breadcrumb\"},\"inLanguage\":\"hu\",\"potentialAction\":[{\"@type\":\"ReadAction\",\"target\":[\"https:\/\/advme.eu\/hu\/radiofrekvencias-adatgyujto\/\"]}]},{\"@type\":\"BreadcrumbList\",\"@id\":\"https:\/\/advme.eu\/hu\/radiofrekvencias-adatgyujto\/#breadcrumb\",\"itemListElement\":[{\"@type\":\"ListItem\",\"position\":1,\"name\":\"Kezd\u0151lap\",\"item\":\"https:\/\/advme.eu\/main\/\"},{\"@type\":\"ListItem\",\"position\":2,\"name\":\"R\u00e1di\u00f3frekvenci\u00e1s adatgy\u0171jt\u0151\"}]},{\"@type\":\"WebSite\",\"@id\":\"https:\/\/advme.eu\/#website\",\"url\":\"https:\/\/advme.eu\/\",\"name\":\"Advme\",\"description\":\"Test systems for power electronics and batteries\",\"potentialAction\":[{\"@type\":\"SearchAction\",\"target\":{\"@type\":\"EntryPoint\",\"urlTemplate\":\"https:\/\/advme.eu\/?s={search_term_string}\"},\"query-input\":\"required name=search_term_string\"}],\"inLanguage\":\"hu\"}]}<\/script>\n<!-- \/ Yoast SEO plugin. -->","yoast_head_json":{"title":"R\u00e1di\u00f3frekvenci\u00e1s adatgy\u0171jt\u0151 - Advme","description":"Customer Use-Case: Upgrade an out-of-date FPGA based 8 channel DDC\/DUC (80 MHz input frequency) to the latest FPGA technology","robots":{"index":"index","follow":"follow","max-snippet":"max-snippet:-1","max-image-preview":"max-image-preview:large","max-video-preview":"max-video-preview:-1"},"canonical":"https:\/\/advme.eu\/hu\/radiofrekvencias-adatgyujto\/","og_locale":"hu_HU","og_type":"article","og_title":"R\u00e1di\u00f3frekvenci\u00e1s adatgy\u0171jt\u0151 - Advme","og_description":"Customer Use-Case: Upgrade an out-of-date FPGA based 8 channel DDC\/DUC (80 MHz input frequency) to the latest FPGA technology","og_url":"https:\/\/advme.eu\/hu\/radiofrekvencias-adatgyujto\/","og_site_name":"Advme","article_modified_time":"2023-10-18T09:24:27+00:00","twitter_card":"summary_large_image","twitter_misc":{"Becs\u00fclt olvas\u00e1si id\u0151":"5 perc"},"schema":{"@context":"https:\/\/schema.org","@graph":[{"@type":"WebPage","@id":"https:\/\/advme.eu\/hu\/radiofrekvencias-adatgyujto\/","url":"https:\/\/advme.eu\/hu\/radiofrekvencias-adatgyujto\/","name":"R\u00e1di\u00f3frekvenci\u00e1s adatgy\u0171jt\u0151 - Advme","isPartOf":{"@id":"https:\/\/advme.eu\/#website"},"datePublished":"2023-10-13T10:24:42+00:00","dateModified":"2023-10-18T09:24:27+00:00","description":"Customer Use-Case: Upgrade an out-of-date FPGA based 8 channel DDC\/DUC (80 MHz input frequency) to the latest FPGA technology","breadcrumb":{"@id":"https:\/\/advme.eu\/hu\/radiofrekvencias-adatgyujto\/#breadcrumb"},"inLanguage":"hu","potentialAction":[{"@type":"ReadAction","target":["https:\/\/advme.eu\/hu\/radiofrekvencias-adatgyujto\/"]}]},{"@type":"BreadcrumbList","@id":"https:\/\/advme.eu\/hu\/radiofrekvencias-adatgyujto\/#breadcrumb","itemListElement":[{"@type":"ListItem","position":1,"name":"Kezd\u0151lap","item":"https:\/\/advme.eu\/main\/"},{"@type":"ListItem","position":2,"name":"R\u00e1di\u00f3frekvenci\u00e1s adatgy\u0171jt\u0151"}]},{"@type":"WebSite","@id":"https:\/\/advme.eu\/#website","url":"https:\/\/advme.eu\/","name":"Advme","description":"Test systems for power electronics and batteries","potentialAction":[{"@type":"SearchAction","target":{"@type":"EntryPoint","urlTemplate":"https:\/\/advme.eu\/?s={search_term_string}"},"query-input":"required name=search_term_string"}],"inLanguage":"hu"}]}},"_links":{"self":[{"href":"https:\/\/advme.eu\/hu\/wp-json\/wp\/v2\/pages\/434","targetHints":{"allow":["GET"]}}],"collection":[{"href":"https:\/\/advme.eu\/hu\/wp-json\/wp\/v2\/pages"}],"about":[{"href":"https:\/\/advme.eu\/hu\/wp-json\/wp\/v2\/types\/page"}],"author":[{"embeddable":true,"href":"https:\/\/advme.eu\/hu\/wp-json\/wp\/v2\/users\/1"}],"replies":[{"embeddable":true,"href":"https:\/\/advme.eu\/hu\/wp-json\/wp\/v2\/comments?post=434"}],"version-history":[{"count":3,"href":"https:\/\/advme.eu\/hu\/wp-json\/wp\/v2\/pages\/434\/revisions"}],"predecessor-version":[{"id":468,"href":"https:\/\/advme.eu\/hu\/wp-json\/wp\/v2\/pages\/434\/revisions\/468"}],"wp:attachment":[{"href":"https:\/\/advme.eu\/hu\/wp-json\/wp\/v2\/media?parent=434"}],"curies":[{"name":"wp","href":"https:\/\/api.w.org\/{rel}","templated":true}]}}