{"id":438,"date":"2023-10-13T09:59:49","date_gmt":"2023-10-13T09:59:49","guid":{"rendered":"https:\/\/advme.eu\/space-grade-axelerometer-board\/"},"modified":"2023-10-18T09:25:30","modified_gmt":"2023-10-18T09:25:30","slug":"muholdas-gyorsulaserzekelo","status":"publish","type":"page","link":"https:\/\/advme.eu\/hu\/muholdas-gyorsulaserzekelo\/","title":{"rendered":"M\u0171holdas gyorsul\u00e1s\u00e9rz\u00e9kel\u0151"},"content":{"rendered":"\n<style type=\"text\/css\" data-created_by=\"avia_inline_auto\" id=\"style-css-av-lnofqrw1-d375116f22af43ac03054206c87a4179\">\n.avia-section.av-lnofqrw1-d375116f22af43ac03054206c87a4179{\nbackground-repeat:no-repeat;\nbackground-image:url(https:\/\/advme.eu\/wp-content\/uploads\/2023\/10\/spacegrade1.jpg);\nbackground-position:0% 0%;\nbackground-attachment:scroll;\n}\n<\/style>\n<div id='av_section_1'  class='avia-section av-lnofqrw1-d375116f22af43ac03054206c87a4179 main_color avia-section-large avia-no-border-styling  avia-builder-el-0  el_before_av_section  avia-builder-el-first  chip2 avia-full-stretch avia-bg-style-scroll container_wrap fullsize'  data-section-bg-repeat='stretch'><div class='container av-section-cont-open' ><main  role=\"main\" itemprop=\"mainContentOfPage\"  class='template-page content  av-content-full alpha units'><div class='post-entry post-entry-type-page post-entry-438'><div class='entry-content-wrapper clearfix'>\n<div  class='flex_column av-xvbyv-e335c0709e8f5336263a11776cec5cb1 av_two_third  avia-builder-el-1  el_before_av_one_third  avia-builder-el-first  first flex_column_div  '     ><style type=\"text\/css\" data-created_by=\"avia_inline_auto\" id=\"style-css-av-lnofpiyz-82680151951772c1b2350bf9317dc81d\">\n#top .av-special-heading.av-lnofpiyz-82680151951772c1b2350bf9317dc81d{\npadding-bottom:0;\ncolor:#ffffff;\n}\nbody .av-special-heading.av-lnofpiyz-82680151951772c1b2350bf9317dc81d .av-special-heading-tag .heading-char{\nfont-size:25px;\n}\n.av-special-heading.av-lnofpiyz-82680151951772c1b2350bf9317dc81d .special-heading-inner-border{\nborder-color:#ffffff;\n}\n.av-special-heading.av-lnofpiyz-82680151951772c1b2350bf9317dc81d .av-subheading{\nfont-size:15px;\n}\n<\/style>\n<div  class='av-special-heading av-lnofpiyz-82680151951772c1b2350bf9317dc81d av-special-heading-h1 custom-color-heading blockquote modern-quote  avia-builder-el-2  avia-builder-el-no-sibling '><h1 class='av-special-heading-tag'  itemprop=\"headline\"  >M\u0171holdas gyorsul\u00e1s\u00e9rz\u00e9kel\u0151<\/h1><div class=\"special-heading-border\"><div class=\"special-heading-inner-border\"><\/div><\/div><\/div><\/div><div  class='flex_column av-q2m9b-acf80cd4379909b658bf324416d08c12 av_one_third  avia-builder-el-3  el_after_av_two_third  avia-builder-el-last  flex_column_div  '     ><\/div><\/div><\/div><\/main><!-- close content main element --><\/div><\/div><div id='av_section_2'  class='avia-section av-kd5nj-aea7e2cb574b4b6d394901fea1f1019e main_color avia-section-default avia-no-border-styling  avia-builder-el-4  el_after_av_section  avia-builder-el-last  avia-bg-style-scroll container_wrap fullsize'  ><div class='container av-section-cont-open' ><div class='template-page content  av-content-full alpha units'><div class='post-entry post-entry-type-page post-entry-438'><div class='entry-content-wrapper clearfix'>\n<div class='flex_column_table av-h4ru7-e1d08a74e4afd98ef0e99a134849f63d sc-av_one_half av-equal-height-column-flextable'><div  class='flex_column av-h4ru7-e1d08a74e4afd98ef0e99a134849f63d av_one_half  avia-builder-el-5  el_before_av_one_half  avia-builder-el-first  first flex_column_table_cell av-equal-height-column av-align-middle av-animated-generic left-to-right  '     ><style type=\"text\/css\" data-created_by=\"avia_inline_auto\" id=\"style-css-av-lnofruh5-4a2824704a54eeff6626e60e154c3128\">\n.avia-image-container.av-lnofruh5-4a2824704a54eeff6626e60e154c3128 img.avia_image{\nbox-shadow:none;\n}\n.avia-image-container.av-lnofruh5-4a2824704a54eeff6626e60e154c3128 .av-image-caption-overlay-center{\ncolor:#ffffff;\n}\n<\/style>\n<div  class='avia-image-container av-lnofruh5-4a2824704a54eeff6626e60e154c3128 av-styling- avia-align-center  avia-builder-el-6  avia-builder-el-no-sibling '   itemprop=\"image\" itemscope=\"itemscope\" itemtype=\"https:\/\/schema.org\/ImageObject\" ><div class=\"avia-image-container-inner\"><div class=\"avia-image-overlay-wrap\"><img decoding=\"async\" class='wp-image-367 avia-img-lazy-loading-not-367 avia_image ' src=\"https:\/\/advme.eu\/wp-content\/uploads\/2023\/10\/spacegrade2.jpg\" alt='' title=''  height=\"497\" width=\"496\"  itemprop=\"thumbnailUrl\" srcset=\"https:\/\/advme.eu\/wp-content\/uploads\/2023\/10\/spacegrade2.jpg 496w, https:\/\/advme.eu\/wp-content\/uploads\/2023\/10\/spacegrade2-300x300.jpg 300w, https:\/\/advme.eu\/wp-content\/uploads\/2023\/10\/spacegrade2-80x80.jpg 80w, https:\/\/advme.eu\/wp-content\/uploads\/2023\/10\/spacegrade2-36x36.jpg 36w, https:\/\/advme.eu\/wp-content\/uploads\/2023\/10\/spacegrade2-180x180.jpg 180w\" sizes=\"(max-width: 496px) 100vw, 496px\" \/><\/div><\/div><\/div><\/div><div class='av-flex-placeholder'><\/div><div  class='flex_column av-91d3j-0d05b2d607cc75cbbf4e53347be8da5a av_one_half  avia-builder-el-7  el_after_av_one_half  avia-builder-el-last  flex_column_table_cell av-equal-height-column av-align-middle av-animated-generic right-to-left  '     ><style type=\"text\/css\" data-created_by=\"avia_inline_auto\" id=\"style-css-av-lnofszx5-bac2bfa3cf0903ce1b73fbfc09f83642\">\n#top .avia-icon-list-container.av-lnofszx5-bac2bfa3cf0903ce1b73fbfc09f83642 .iconlist_icon{\ncolor:#00b4d6;\n}\n<\/style>\n<div  class='avia-icon-list-container av-lnofszx5-bac2bfa3cf0903ce1b73fbfc09f83642  avia-builder-el-8  avia-builder-el-no-sibling '><ul class='avia-icon-list avia_animate_when_almost_visible avia-icon-list-left av-iconlist-small av-lnofszx5-bac2bfa3cf0903ce1b73fbfc09f83642 avia-iconlist-animate'>\n<li><div class='iconlist_icon av-lnofs4qb-e51794d06cb1fd5cb93fe458f3880e2e avia-font-entypo-fontello'><span class='iconlist-char' aria-hidden='true' data-av_icon='\ue898' data-av_iconfont='entypo-fontello'><\/span><\/div><article class=\"article-icon-entry av-iconlist-empty\"  itemscope=\"itemscope\" itemtype=\"https:\/\/schema.org\/CreativeWork\" ><div class=\"iconlist_content_wrap\"><header class=\"entry-content-header\"><div class='av_iconlist_title iconlist_title_small  '  itemprop=\"headline\" >Customer Use-Case: Accelerometer and signal processing card developed for an ESA satellite project<\/div><\/header><div class='iconlist_content '  itemprop=\"text\" ><\/div><\/div><footer class=\"entry-footer\"><\/footer><\/article><div class=\"iconlist-timeline\"><\/div><\/li>\n<li><div class='iconlist_icon av-lnofsa93-3b5bb17d7a8e845b5602f63ab3c62dfc avia-font-entypo-fontello'><span class='iconlist-char' aria-hidden='true' data-av_icon='\ue898' data-av_iconfont='entypo-fontello'><\/span><\/div><article class=\"article-icon-entry av-iconlist-empty\"  itemscope=\"itemscope\" itemtype=\"https:\/\/schema.org\/CreativeWork\" ><div class=\"iconlist_content_wrap\"><header class=\"entry-content-header\"><div class='av_iconlist_title iconlist_title_small  '  itemprop=\"headline\" >Target FPGA: radiation hardened platform of Microchip<\/div><\/header><div class='iconlist_content '  itemprop=\"text\" ><\/div><\/div><footer class=\"entry-footer\"><\/footer><\/article><div class=\"iconlist-timeline\"><\/div><\/li>\n<li><div class='iconlist_icon av-lnofswee-576b57ea1530afd47feb91ac8f5722c4 avia-font-entypo-fontello'><span class='iconlist-char' aria-hidden='true' data-av_icon='\ue898' data-av_iconfont='entypo-fontello'><\/span><\/div><article class=\"article-icon-entry \"  itemscope=\"itemscope\" itemtype=\"https:\/\/schema.org\/CreativeWork\" ><div class=\"iconlist_content_wrap\"><header class=\"entry-content-header\"><div class='av_iconlist_title iconlist_title_small  '  itemprop=\"headline\" >Our role: <\/div><\/header><div class='iconlist_content '  itemprop=\"text\" ><ul>\n<li>Algorithm update and FIR filter design<\/li>\n<li>Complete FPGA firmware development and release including: sample acqusition, filtering, data stream handling, control and debug interface<\/li>\n<\/ul>\n<\/div><\/div><footer class=\"entry-footer\"><\/footer><\/article><div class=\"iconlist-timeline\"><\/div><\/li>\n<\/ul><\/div><\/div><\/div><!--close column table wrapper. Autoclose: 1 -->\n<\/p>\n","protected":false},"excerpt":{"rendered":"","protected":false},"author":1,"featured_media":0,"parent":0,"menu_order":0,"comment_status":"closed","ping_status":"closed","template":"","meta":{"inline_featured_image":false,"footnotes":""},"class_list":["post-438","page","type-page","status-publish","hentry"],"yoast_head":"<!-- This site is optimized with the Yoast SEO plugin v21.4 - https:\/\/yoast.com\/wordpress\/plugins\/seo\/ -->\n<title>M\u0171holdas gyorsul\u00e1s\u00e9rz\u00e9kel\u0151 - Advme<\/title>\n<meta name=\"description\" content=\"Customer Use-Case: Accelerometer and signal processing card developed for an ESA satellite project\" \/>\n<meta name=\"robots\" content=\"index, follow, max-snippet:-1, max-image-preview:large, max-video-preview:-1\" \/>\n<link rel=\"canonical\" href=\"https:\/\/advme.eu\/hu\/muholdas-gyorsulaserzekelo\/\" \/>\n<meta property=\"og:locale\" content=\"hu_HU\" \/>\n<meta property=\"og:type\" content=\"article\" \/>\n<meta property=\"og:title\" content=\"M\u0171holdas gyorsul\u00e1s\u00e9rz\u00e9kel\u0151 - Advme\" \/>\n<meta property=\"og:description\" content=\"Customer Use-Case: Accelerometer and signal processing card developed for an ESA satellite project\" \/>\n<meta property=\"og:url\" content=\"https:\/\/advme.eu\/hu\/muholdas-gyorsulaserzekelo\/\" \/>\n<meta property=\"og:site_name\" content=\"Advme\" \/>\n<meta property=\"article:modified_time\" content=\"2023-10-18T09:25:30+00:00\" \/>\n<meta name=\"twitter:card\" content=\"summary_large_image\" \/>\n<meta name=\"twitter:label1\" content=\"Becs\u00fclt olvas\u00e1si id\u0151\" \/>\n\t<meta name=\"twitter:data1\" content=\"5 perc\" \/>\n<script type=\"application\/ld+json\" class=\"yoast-schema-graph\">{\"@context\":\"https:\/\/schema.org\",\"@graph\":[{\"@type\":\"WebPage\",\"@id\":\"https:\/\/advme.eu\/hu\/muholdas-gyorsulaserzekelo\/\",\"url\":\"https:\/\/advme.eu\/hu\/muholdas-gyorsulaserzekelo\/\",\"name\":\"M\u0171holdas gyorsul\u00e1s\u00e9rz\u00e9kel\u0151 - Advme\",\"isPartOf\":{\"@id\":\"https:\/\/advme.eu\/#website\"},\"datePublished\":\"2023-10-13T09:59:49+00:00\",\"dateModified\":\"2023-10-18T09:25:30+00:00\",\"description\":\"Customer Use-Case: Accelerometer and signal processing card developed for an ESA satellite project\",\"breadcrumb\":{\"@id\":\"https:\/\/advme.eu\/hu\/muholdas-gyorsulaserzekelo\/#breadcrumb\"},\"inLanguage\":\"hu\",\"potentialAction\":[{\"@type\":\"ReadAction\",\"target\":[\"https:\/\/advme.eu\/hu\/muholdas-gyorsulaserzekelo\/\"]}]},{\"@type\":\"BreadcrumbList\",\"@id\":\"https:\/\/advme.eu\/hu\/muholdas-gyorsulaserzekelo\/#breadcrumb\",\"itemListElement\":[{\"@type\":\"ListItem\",\"position\":1,\"name\":\"Kezd\u0151lap\",\"item\":\"https:\/\/advme.eu\/main\/\"},{\"@type\":\"ListItem\",\"position\":2,\"name\":\"M\u0171holdas gyorsul\u00e1s\u00e9rz\u00e9kel\u0151\"}]},{\"@type\":\"WebSite\",\"@id\":\"https:\/\/advme.eu\/#website\",\"url\":\"https:\/\/advme.eu\/\",\"name\":\"Advme\",\"description\":\"Test systems for power electronics and batteries\",\"potentialAction\":[{\"@type\":\"SearchAction\",\"target\":{\"@type\":\"EntryPoint\",\"urlTemplate\":\"https:\/\/advme.eu\/?s={search_term_string}\"},\"query-input\":\"required name=search_term_string\"}],\"inLanguage\":\"hu\"}]}<\/script>\n<!-- \/ Yoast SEO plugin. -->","yoast_head_json":{"title":"M\u0171holdas gyorsul\u00e1s\u00e9rz\u00e9kel\u0151 - Advme","description":"Customer Use-Case: Accelerometer and signal processing card developed for an ESA satellite project","robots":{"index":"index","follow":"follow","max-snippet":"max-snippet:-1","max-image-preview":"max-image-preview:large","max-video-preview":"max-video-preview:-1"},"canonical":"https:\/\/advme.eu\/hu\/muholdas-gyorsulaserzekelo\/","og_locale":"hu_HU","og_type":"article","og_title":"M\u0171holdas gyorsul\u00e1s\u00e9rz\u00e9kel\u0151 - Advme","og_description":"Customer Use-Case: Accelerometer and signal processing card developed for an ESA satellite project","og_url":"https:\/\/advme.eu\/hu\/muholdas-gyorsulaserzekelo\/","og_site_name":"Advme","article_modified_time":"2023-10-18T09:25:30+00:00","twitter_card":"summary_large_image","twitter_misc":{"Becs\u00fclt olvas\u00e1si id\u0151":"5 perc"},"schema":{"@context":"https:\/\/schema.org","@graph":[{"@type":"WebPage","@id":"https:\/\/advme.eu\/hu\/muholdas-gyorsulaserzekelo\/","url":"https:\/\/advme.eu\/hu\/muholdas-gyorsulaserzekelo\/","name":"M\u0171holdas gyorsul\u00e1s\u00e9rz\u00e9kel\u0151 - Advme","isPartOf":{"@id":"https:\/\/advme.eu\/#website"},"datePublished":"2023-10-13T09:59:49+00:00","dateModified":"2023-10-18T09:25:30+00:00","description":"Customer Use-Case: Accelerometer and signal processing card developed for an ESA satellite project","breadcrumb":{"@id":"https:\/\/advme.eu\/hu\/muholdas-gyorsulaserzekelo\/#breadcrumb"},"inLanguage":"hu","potentialAction":[{"@type":"ReadAction","target":["https:\/\/advme.eu\/hu\/muholdas-gyorsulaserzekelo\/"]}]},{"@type":"BreadcrumbList","@id":"https:\/\/advme.eu\/hu\/muholdas-gyorsulaserzekelo\/#breadcrumb","itemListElement":[{"@type":"ListItem","position":1,"name":"Kezd\u0151lap","item":"https:\/\/advme.eu\/main\/"},{"@type":"ListItem","position":2,"name":"M\u0171holdas gyorsul\u00e1s\u00e9rz\u00e9kel\u0151"}]},{"@type":"WebSite","@id":"https:\/\/advme.eu\/#website","url":"https:\/\/advme.eu\/","name":"Advme","description":"Test systems for power electronics and batteries","potentialAction":[{"@type":"SearchAction","target":{"@type":"EntryPoint","urlTemplate":"https:\/\/advme.eu\/?s={search_term_string}"},"query-input":"required name=search_term_string"}],"inLanguage":"hu"}]}},"_links":{"self":[{"href":"https:\/\/advme.eu\/hu\/wp-json\/wp\/v2\/pages\/438","targetHints":{"allow":["GET"]}}],"collection":[{"href":"https:\/\/advme.eu\/hu\/wp-json\/wp\/v2\/pages"}],"about":[{"href":"https:\/\/advme.eu\/hu\/wp-json\/wp\/v2\/types\/page"}],"author":[{"embeddable":true,"href":"https:\/\/advme.eu\/hu\/wp-json\/wp\/v2\/users\/1"}],"replies":[{"embeddable":true,"href":"https:\/\/advme.eu\/hu\/wp-json\/wp\/v2\/comments?post=438"}],"version-history":[{"count":3,"href":"https:\/\/advme.eu\/hu\/wp-json\/wp\/v2\/pages\/438\/revisions"}],"predecessor-version":[{"id":471,"href":"https:\/\/advme.eu\/hu\/wp-json\/wp\/v2\/pages\/438\/revisions\/471"}],"wp:attachment":[{"href":"https:\/\/advme.eu\/hu\/wp-json\/wp\/v2\/media?parent=438"}],"curies":[{"name":"wp","href":"https:\/\/api.w.org\/{rel}","templated":true}]}}