{"id":441,"date":"2022-05-17T15:10:53","date_gmt":"2022-05-17T15:10:53","guid":{"rendered":"https:\/\/advme.eu\/main\/"},"modified":"2023-10-20T09:16:17","modified_gmt":"2023-10-20T09:16:17","slug":"main","status":"publish","type":"page","link":"https:\/\/advme.eu\/hu\/main\/","title":{"rendered":"Home"},"content":{"rendered":"<div id='av-layout-grid-1'  class='av-layout-grid-container av-1pn5g-3d04dae356ef59c4338501f7d82820f0 entry-content-wrapper main_color av-fixed-cells  avia-builder-el-0  el_before_av_layout_row  avia-builder-el-first  kezdo av-cell-min-height av-cell-min-height-100 av-mini-hide container_wrap fullsize'   data-av_minimum_height_pc='100'>\n\n<style type=\"text\/css\" data-created_by=\"avia_inline_auto\" id=\"style-css-av-lnmxzd1o-0e4c13b79b979c553aab171d67f3e67f\">\n.flex_cell.av-lnmxzd1o-0e4c13b79b979c553aab171d67f3e67f{\nvertical-align:top;\n}\n.responsive #top #wrap_all .flex_cell.av-lnmxzd1o-0e4c13b79b979c553aab171d67f3e67f{\npadding:0px 0px 0px 0px !important;\n}\n<\/style>\n<a class=\"av-screen-reader-only\" href=\"https:\/\/advme.eu\/advanced-machines\/\" >Link to: Advanced Machines<\/a><div class='flex_cell av-lnmxzd1o-0e4c13b79b979c553aab171d67f3e67f av-gridrow-cell av_one_half no_margin  avia-builder-el-1  el_before_av_cell_one_half  avia-builder-el-first  kezdo1 av-zero-padding avia-link-column av-cell-link'  data-link-column-url=\"https:\/\/advme.eu\/advanced-machines\/\"  ><div class='flex_cell_inner'>\n<style type=\"text\/css\" data-created_by=\"avia_inline_auto\" id=\"style-css-av-tfns-2affd2b12f1fe7611f64a9734eb59a98\">\n.avia-image-container.av-tfns-2affd2b12f1fe7611f64a9734eb59a98 img.avia_image{\nbox-shadow:none;\n}\n.avia-image-container.av-tfns-2affd2b12f1fe7611f64a9734eb59a98 .av-image-caption-overlay-center{\ncolor:#ffffff;\n}\n<\/style>\n<div  class='avia-image-container av-tfns-2affd2b12f1fe7611f64a9734eb59a98 av-styling- avia-align-center  avia-builder-el-2  avia-builder-el-no-sibling '   itemprop=\"image\" itemscope=\"itemscope\" itemtype=\"https:\/\/schema.org\/ImageObject\" ><div class=\"avia-image-container-inner\"><div class=\"avia-image-overlay-wrap\"><img decoding=\"async\" class='wp-image-473 avia-img-lazy-loading-not-473 avia_image ' src=\"https:\/\/advme.eu\/wp-content\/uploads\/2023\/10\/11.jpg\" alt='1' title=''  height=\"2249\" width=\"1442\"  itemprop=\"thumbnailUrl\" srcset=\"https:\/\/advme.eu\/wp-content\/uploads\/2023\/10\/11.jpg 1442w, https:\/\/advme.eu\/wp-content\/uploads\/2023\/10\/11-192x300.jpg 192w, https:\/\/advme.eu\/wp-content\/uploads\/2023\/10\/11-660x1030.jpg 660w, https:\/\/advme.eu\/wp-content\/uploads\/2023\/10\/11-768x1198.jpg 768w, https:\/\/advme.eu\/wp-content\/uploads\/2023\/10\/11-985x1536.jpg 985w, https:\/\/advme.eu\/wp-content\/uploads\/2023\/10\/11-1313x2048.jpg 1313w, https:\/\/advme.eu\/wp-content\/uploads\/2023\/10\/11-962x1500.jpg 962w, https:\/\/advme.eu\/wp-content\/uploads\/2023\/10\/11-452x705.jpg 452w\" sizes=\"(max-width: 1442px) 100vw, 1442px\" \/><\/div><\/div><\/div>\n<\/div><\/div>\n<style type=\"text\/css\" data-created_by=\"avia_inline_auto\" id=\"style-css-av-lnmxzh35-2e7805eca9d68af91ebc9f61788c216f\">\n.flex_cell.av-lnmxzh35-2e7805eca9d68af91ebc9f61788c216f{\nvertical-align:top;\n}\n.responsive #top #wrap_all .flex_cell.av-lnmxzh35-2e7805eca9d68af91ebc9f61788c216f{\npadding:0px 0px 0px 0px !important;\n}\n<\/style>\n<a class=\"av-screen-reader-only\" href=\"https:\/\/advme.eu\/advanced-electronics\/\" >Link to: Advanced Electronics<\/a><div class='flex_cell av-lnmxzh35-2e7805eca9d68af91ebc9f61788c216f av-gridrow-cell av_one_half no_margin  avia-builder-el-3  el_after_av_cell_one_half  avia-builder-el-last  kezdo2 av-zero-padding avia-link-column av-cell-link'  data-link-column-url=\"https:\/\/advme.eu\/advanced-electronics\/\"  ><div class='flex_cell_inner'>\n<style type=\"text\/css\" data-created_by=\"avia_inline_auto\" id=\"style-css-av-lnmy1ykr-0cd71c5bd00a409195f7545b351a545d\">\n.avia-image-container.av-lnmy1ykr-0cd71c5bd00a409195f7545b351a545d img.avia_image{\nbox-shadow:none;\n}\n.avia-image-container.av-lnmy1ykr-0cd71c5bd00a409195f7545b351a545d .av-image-caption-overlay-center{\ncolor:#ffffff;\n}\n<\/style>\n<div  class='avia-image-container av-lnmy1ykr-0cd71c5bd00a409195f7545b351a545d av-styling- avia-align-center  avia-builder-el-4  avia-builder-el-no-sibling '   itemprop=\"image\" itemscope=\"itemscope\" itemtype=\"https:\/\/schema.org\/ImageObject\" ><div class=\"avia-image-container-inner\"><div class=\"avia-image-overlay-wrap\"><img decoding=\"async\" class='wp-image-475 avia-img-lazy-loading-not-475 avia_image ' src=\"https:\/\/advme.eu\/wp-content\/uploads\/2023\/10\/2.jpg\" alt='2' title=''  height=\"2249\" width=\"1439\"  itemprop=\"thumbnailUrl\" srcset=\"https:\/\/advme.eu\/wp-content\/uploads\/2023\/10\/2.jpg 1439w, https:\/\/advme.eu\/wp-content\/uploads\/2023\/10\/2-192x300.jpg 192w, https:\/\/advme.eu\/wp-content\/uploads\/2023\/10\/2-659x1030.jpg 659w, https:\/\/advme.eu\/wp-content\/uploads\/2023\/10\/2-768x1200.jpg 768w, https:\/\/advme.eu\/wp-content\/uploads\/2023\/10\/2-983x1536.jpg 983w, https:\/\/advme.eu\/wp-content\/uploads\/2023\/10\/2-1310x2048.jpg 1310w, https:\/\/advme.eu\/wp-content\/uploads\/2023\/10\/2-960x1500.jpg 960w, https:\/\/advme.eu\/wp-content\/uploads\/2023\/10\/2-451x705.jpg 451w\" sizes=\"(max-width: 1439px) 100vw, 1439px\" \/><\/div><\/div><\/div>\n<\/div><\/div>\n<\/div>\n<div id='av-layout-grid-2'  class='av-layout-grid-container av-av_layout_row-132b42317bd7276a9c3eb447980a2a62 entry-content-wrapper main_color av-flex-cells  avia-builder-el-5  el_after_av_layout_row  avia-builder-el-last  grid-row-not-first av-desktop-hide av-medium-hide av-small-hide container_wrap fullsize'  >\n\n<style type=\"text\/css\" data-created_by=\"avia_inline_auto\" id=\"style-css-av-av_cell_one_full-9385c4b002756646fd7760d018d4c225\">\n.flex_cell.av-av_cell_one_full-9385c4b002756646fd7760d018d4c225{\nvertical-align:top;\n}\n.responsive #top #wrap_all .flex_cell.av-av_cell_one_full-9385c4b002756646fd7760d018d4c225{\npadding:0px 0px 0px 0px !important;\n}\n<\/style>\n<div class='flex_cell av-av_cell_one_full-9385c4b002756646fd7760d018d4c225 av-gridrow-cell av_one_full no_margin  avia-builder-el-6  avia-builder-el-no-sibling  av-zero-padding'  ><div class='flex_cell_inner'><p>\n<style type=\"text\/css\" data-created_by=\"avia_inline_auto\" id=\"style-css-av-lnyebp87-5d35b545ebe3a5c6d7bee798ea7a1d93\">\n.avia-image-container.av-lnyebp87-5d35b545ebe3a5c6d7bee798ea7a1d93 img.avia_image{\nbox-shadow:none;\n}\n.avia-image-container.av-lnyebp87-5d35b545ebe3a5c6d7bee798ea7a1d93 .av-image-caption-overlay-center{\ncolor:#ffffff;\n}\n<\/style>\n<div  class='avia-image-container av-lnyebp87-5d35b545ebe3a5c6d7bee798ea7a1d93 av-styling- avia-align-center  avia-builder-el-7  el_before_av_image  avia-builder-el-first '   itemprop=\"image\" itemscope=\"itemscope\" itemtype=\"https:\/\/schema.org\/ImageObject\" ><div class=\"avia-image-container-inner\"><div class=\"avia-image-overlay-wrap\"><a href=\"https:\/\/advme.eu\/hu\/advanced-machines\/\" class='avia_image'  ><img decoding=\"async\" class='wp-image-576 avia-img-lazy-loading-not-576 avia_image ' src=\"https:\/\/advme.eu\/wp-content\/uploads\/2023\/10\/mobilmagyar2.jpg\" alt='' title=''  height=\"1800\" width=\"2100\"  itemprop=\"thumbnailUrl\" srcset=\"https:\/\/advme.eu\/wp-content\/uploads\/2023\/10\/mobilmagyar2.jpg 2100w, https:\/\/advme.eu\/wp-content\/uploads\/2023\/10\/mobilmagyar2-300x257.jpg 300w, https:\/\/advme.eu\/wp-content\/uploads\/2023\/10\/mobilmagyar2-1030x883.jpg 1030w, https:\/\/advme.eu\/wp-content\/uploads\/2023\/10\/mobilmagyar2-768x658.jpg 768w, https:\/\/advme.eu\/wp-content\/uploads\/2023\/10\/mobilmagyar2-1536x1317.jpg 1536w, https:\/\/advme.eu\/wp-content\/uploads\/2023\/10\/mobilmagyar2-2048x1755.jpg 2048w, https:\/\/advme.eu\/wp-content\/uploads\/2023\/10\/mobilmagyar2-1500x1286.jpg 1500w, https:\/\/advme.eu\/wp-content\/uploads\/2023\/10\/mobilmagyar2-705x604.jpg 705w\" sizes=\"(max-width: 2100px) 100vw, 2100px\" \/><\/a><\/div><\/div><\/div><br \/>\n\n<style type=\"text\/css\" data-created_by=\"avia_inline_auto\" id=\"style-css-av-lnyec2q6-be5c91774adc76496a23389e3ae8e5fa\">\n.avia-image-container.av-lnyec2q6-be5c91774adc76496a23389e3ae8e5fa img.avia_image{\nbox-shadow:none;\n}\n.avia-image-container.av-lnyec2q6-be5c91774adc76496a23389e3ae8e5fa .av-image-caption-overlay-center{\ncolor:#ffffff;\n}\n<\/style>\n<div  class='avia-image-container av-lnyec2q6-be5c91774adc76496a23389e3ae8e5fa av-styling- avia-align-center  avia-builder-el-8  el_after_av_image  avia-builder-el-last  nopadding'   itemprop=\"image\" itemscope=\"itemscope\" itemtype=\"https:\/\/schema.org\/ImageObject\" ><div class=\"avia-image-container-inner\"><div class=\"avia-image-overlay-wrap\"><a href=\"https:\/\/advme.eu\/hu\/advanced-electronics\/\" class='avia_image'  ><img decoding=\"async\" class='wp-image-578 avia-img-lazy-loading-not-578 avia_image ' src=\"https:\/\/advme.eu\/wp-content\/uploads\/2023\/10\/mobilmagyar.jpg\" alt='' title=''  height=\"1800\" width=\"2100\"  itemprop=\"thumbnailUrl\" srcset=\"https:\/\/advme.eu\/wp-content\/uploads\/2023\/10\/mobilmagyar.jpg 2100w, https:\/\/advme.eu\/wp-content\/uploads\/2023\/10\/mobilmagyar-300x257.jpg 300w, https:\/\/advme.eu\/wp-content\/uploads\/2023\/10\/mobilmagyar-1030x883.jpg 1030w, https:\/\/advme.eu\/wp-content\/uploads\/2023\/10\/mobilmagyar-768x658.jpg 768w, https:\/\/advme.eu\/wp-content\/uploads\/2023\/10\/mobilmagyar-1536x1317.jpg 1536w, https:\/\/advme.eu\/wp-content\/uploads\/2023\/10\/mobilmagyar-2048x1755.jpg 2048w, https:\/\/advme.eu\/wp-content\/uploads\/2023\/10\/mobilmagyar-1500x1286.jpg 1500w, https:\/\/advme.eu\/wp-content\/uploads\/2023\/10\/mobilmagyar-705x604.jpg 705w\" sizes=\"(max-width: 2100px) 100vw, 2100px\" \/><\/a><\/div><\/div><\/div><\/p>\n<\/div><\/div><\/div>\n","protected":false},"excerpt":{"rendered":"","protected":false},"author":2,"featured_media":0,"parent":0,"menu_order":0,"comment_status":"closed","ping_status":"closed","template":"","meta":{"inline_featured_image":false,"footnotes":""},"class_list":["post-441","page","type-page","status-publish","hentry"],"yoast_head":"<!-- This site is optimized with the Yoast SEO plugin v21.4 - https:\/\/yoast.com\/wordpress\/plugins\/seo\/ -->\n<title>Home - Advme<\/title>\n<meta name=\"robots\" content=\"index, follow, max-snippet:-1, max-image-preview:large, max-video-preview:-1\" \/>\n<link rel=\"canonical\" href=\"https:\/\/advme.eu\/hu\/main\/\" \/>\n<meta property=\"og:locale\" content=\"hu_HU\" \/>\n<meta property=\"og:type\" content=\"article\" \/>\n<meta property=\"og:title\" content=\"Home - Advme\" \/>\n<meta property=\"og:url\" content=\"https:\/\/advme.eu\/hu\/main\/\" \/>\n<meta property=\"og:site_name\" content=\"Advme\" \/>\n<meta property=\"article:modified_time\" content=\"2023-10-20T09:16:17+00:00\" \/>\n<meta name=\"twitter:card\" content=\"summary_large_image\" \/>\n<meta name=\"twitter:label1\" content=\"Becs\u00fclt olvas\u00e1si id\u0151\" \/>\n\t<meta name=\"twitter:data1\" content=\"2 perc\" \/>\n<script type=\"application\/ld+json\" class=\"yoast-schema-graph\">{\"@context\":\"https:\/\/schema.org\",\"@graph\":[{\"@type\":\"WebPage\",\"@id\":\"https:\/\/advme.eu\/hu\/main\/\",\"url\":\"https:\/\/advme.eu\/hu\/main\/\",\"name\":\"Home - Advme\",\"isPartOf\":{\"@id\":\"https:\/\/advme.eu\/#website\"},\"datePublished\":\"2022-05-17T15:10:53+00:00\",\"dateModified\":\"2023-10-20T09:16:17+00:00\",\"breadcrumb\":{\"@id\":\"https:\/\/advme.eu\/hu\/main\/#breadcrumb\"},\"inLanguage\":\"hu\",\"potentialAction\":[{\"@type\":\"ReadAction\",\"target\":[\"https:\/\/advme.eu\/hu\/main\/\"]}]},{\"@type\":\"BreadcrumbList\",\"@id\":\"https:\/\/advme.eu\/hu\/main\/#breadcrumb\",\"itemListElement\":[{\"@type\":\"ListItem\",\"position\":1,\"name\":\"Kezd\u0151lap\",\"item\":\"https:\/\/advme.eu\/main\/\"},{\"@type\":\"ListItem\",\"position\":2,\"name\":\"Home\"}]},{\"@type\":\"WebSite\",\"@id\":\"https:\/\/advme.eu\/#website\",\"url\":\"https:\/\/advme.eu\/\",\"name\":\"Advme\",\"description\":\"Test systems for power electronics and batteries\",\"potentialAction\":[{\"@type\":\"SearchAction\",\"target\":{\"@type\":\"EntryPoint\",\"urlTemplate\":\"https:\/\/advme.eu\/?s={search_term_string}\"},\"query-input\":\"required name=search_term_string\"}],\"inLanguage\":\"hu\"}]}<\/script>\n<!-- \/ Yoast SEO plugin. -->","yoast_head_json":{"title":"Home - Advme","robots":{"index":"index","follow":"follow","max-snippet":"max-snippet:-1","max-image-preview":"max-image-preview:large","max-video-preview":"max-video-preview:-1"},"canonical":"https:\/\/advme.eu\/hu\/main\/","og_locale":"hu_HU","og_type":"article","og_title":"Home - Advme","og_url":"https:\/\/advme.eu\/hu\/main\/","og_site_name":"Advme","article_modified_time":"2023-10-20T09:16:17+00:00","twitter_card":"summary_large_image","twitter_misc":{"Becs\u00fclt olvas\u00e1si id\u0151":"2 perc"},"schema":{"@context":"https:\/\/schema.org","@graph":[{"@type":"WebPage","@id":"https:\/\/advme.eu\/hu\/main\/","url":"https:\/\/advme.eu\/hu\/main\/","name":"Home - Advme","isPartOf":{"@id":"https:\/\/advme.eu\/#website"},"datePublished":"2022-05-17T15:10:53+00:00","dateModified":"2023-10-20T09:16:17+00:00","breadcrumb":{"@id":"https:\/\/advme.eu\/hu\/main\/#breadcrumb"},"inLanguage":"hu","potentialAction":[{"@type":"ReadAction","target":["https:\/\/advme.eu\/hu\/main\/"]}]},{"@type":"BreadcrumbList","@id":"https:\/\/advme.eu\/hu\/main\/#breadcrumb","itemListElement":[{"@type":"ListItem","position":1,"name":"Kezd\u0151lap","item":"https:\/\/advme.eu\/main\/"},{"@type":"ListItem","position":2,"name":"Home"}]},{"@type":"WebSite","@id":"https:\/\/advme.eu\/#website","url":"https:\/\/advme.eu\/","name":"Advme","description":"Test systems for power electronics and batteries","potentialAction":[{"@type":"SearchAction","target":{"@type":"EntryPoint","urlTemplate":"https:\/\/advme.eu\/?s={search_term_string}"},"query-input":"required name=search_term_string"}],"inLanguage":"hu"}]}},"_links":{"self":[{"href":"https:\/\/advme.eu\/hu\/wp-json\/wp\/v2\/pages\/441","targetHints":{"allow":["GET"]}}],"collection":[{"href":"https:\/\/advme.eu\/hu\/wp-json\/wp\/v2\/pages"}],"about":[{"href":"https:\/\/advme.eu\/hu\/wp-json\/wp\/v2\/types\/page"}],"author":[{"embeddable":true,"href":"https:\/\/advme.eu\/hu\/wp-json\/wp\/v2\/users\/2"}],"replies":[{"embeddable":true,"href":"https:\/\/advme.eu\/hu\/wp-json\/wp\/v2\/comments?post=441"}],"version-history":[{"count":3,"href":"https:\/\/advme.eu\/hu\/wp-json\/wp\/v2\/pages\/441\/revisions"}],"predecessor-version":[{"id":575,"href":"https:\/\/advme.eu\/hu\/wp-json\/wp\/v2\/pages\/441\/revisions\/575"}],"wp:attachment":[{"href":"https:\/\/advme.eu\/hu\/wp-json\/wp\/v2\/media?parent=441"}],"curies":[{"name":"wp","href":"https:\/\/api.w.org\/{rel}","templated":true}]}}